{"id":12213,"date":"2022-04-04T19:36:32","date_gmt":"2022-04-04T19:36:32","guid":{"rendered":"https:\/\/facundosartore.cl\/?post_type=product&#038;p=12213"},"modified":"2025-05-25T00:43:56","modified_gmt":"2025-05-25T00:43:56","slug":"suscripcion-mensual-vina-facundo-sartore","status":"publish","type":"product","link":"https:\/\/facundosartore.cl\/en\/product\/suscripcion-mensual-vina-facundo-sartore\/","title":{"rendered":"Harvest Temptation \u2013 Moscatel de Alejandr\u00eda 2021"},"content":{"rendered":"<p><strong>De plantas ancestrales, antiguas y en condiciones de secano aparece Harvest Temptation vino monovarietal Moscatel de Alejandr\u00eda. Vino blanco de noble cepa arom\u00e1tica elaborado con fruta proveniente del coraz\u00f3n del Valle del Itata, sector de Guarilihue en la comuna de Coelemu. <\/strong><\/p>\n<p>Se caracteriza por su color dorado con matices pajizos, que en nariz manifiesta la presencia de aromas enmielados y dulces como algod\u00f3n de az\u00facar, presencia de frutas como damasco y nectar\u00edn con un final de flores de manzanilla. En boca, es levemente fresco y con un gran final, posee persistencia ligera y un sabor afrutado como jugo de pi\u00f1a y notas c\u00edtricas. Este vino es ideal para acompa\u00f1ar platos marinos, mariscos, carnes blancas con salsas \u00e1cidas o guarnici\u00f3n de verduras fr\u00edas a tibias, ensaladas frescas o postres.<\/p>\n<p><strong>Temperatura de servicio: 6\u00b0- 10\u00baC.<\/strong><br \/>\n<strong>Vino Blanco.<\/strong><br \/>\n<strong>Contiene Sulfitos.<\/strong><br \/>\n<strong>Este vino podr\u00eda contener precipitados que no alteran el producto.<\/strong><br \/>\n<strong>Valor energ\u00e9tico: 80 kcal\/100ml. <\/strong><br \/>\n<strong>13,0 \u00ba GL \/ %vol.<\/strong><br \/>\n<strong>750 ml. \/ c.c.<\/strong><\/p>","protected":false},"excerpt":{"rendered":"<p>Se caracteriza por su color dorado con matices pajizos, que en nariz manifiesta la presencia de aromas enmielados y dulces como algod\u00f3n de az\u00facar, presencia de frutas como damasco y nectar\u00edn con un final de flores de manzanilla<\/p>\n<p><strong>-La mujer embarazada no debe beber alcohol. <\/strong><\/p>\n<p><strong>-El consumo de alcohol limita su capacidad para conducir.<\/strong><\/p>\n<p><strong> -El consumo de alcohol en menores da\u00f1a su desarrollo f\u00edsico e intelectual.<\/strong><\/p>\n<p> <a class=\"more-link\" href=\"https:\/\/facundosartore.cl\/en\/product\/suscripcion-mensual-vina-facundo-sartore\/\">Read more<\/a><\/p>","protected":false},"featured_media":12416,"comment_status":"open","ping_status":"closed","template":"","meta":{"_joinchat":[]},"product_brand":[],"product_cat":[48],"product_tag":[],"class_list":{"0":"post-12213","1":"product","2":"type-product","3":"status-publish","4":"has-post-thumbnail","6":"product_cat-vinos","8":"first","9":"instock","10":"sale","11":"shipping-taxable","12":"purchasable","13":"product-type-simple"},"yoast_head":"<!-- This site is optimized with the Yoast SEO plugin v25.3 - https:\/\/yoast.com\/wordpress\/plugins\/seo\/ -->\n<title>Harvest Temptation \u2013 Moscatel de Alejandr\u00eda 2021 - Vi\u00f1a Facundo Sartore<\/title>\n<meta name=\"description\" content=\"De plantas ancestrales, antiguas y en condiciones de secano aparece Harvest Temptation 2021 - Moscatel de Alejandr\u00eda. Este es un vino blanco de esta noble\" \/>\n<meta name=\"robots\" content=\"index, follow, max-snippet:-1, max-image-preview:large, max-video-preview:-1\" \/>\n<link rel=\"canonical\" href=\"https:\/\/facundosartore.cl\/en\/product\/suscripcion-mensual-vina-facundo-sartore\/\" \/>\n<meta property=\"og:locale\" content=\"en_US\" \/>\n<meta property=\"og:type\" content=\"article\" \/>\n<meta property=\"og:title\" content=\"Harvest Temptation \u2013 Moscatel de Alejandr\u00eda 2021 - Vi\u00f1a Facundo Sartore\" \/>\n<meta property=\"og:description\" content=\"De plantas ancestrales, antiguas y en condiciones de secano aparece Harvest Temptation 2021 - Moscatel de Alejandr\u00eda. Este es un vino blanco de esta noble\" \/>\n<meta property=\"og:url\" content=\"https:\/\/facundosartore.cl\/en\/product\/suscripcion-mensual-vina-facundo-sartore\/\" \/>\n<meta property=\"og:site_name\" content=\"Vi\u00f1a Facundo Sartore\" \/>\n<meta property=\"article:modified_time\" content=\"2025-05-25T00:43:56+00:00\" \/>\n<meta property=\"og:image\" content=\"https:\/\/facundosartore.cl\/wp-content\/uploads\/2022\/04\/Harvest-1.png\" \/>\n\t<meta property=\"og:image:width\" content=\"720\" \/>\n\t<meta property=\"og:image:height\" content=\"729\" \/>\n\t<meta property=\"og:image:type\" content=\"image\/png\" \/>\n<meta name=\"twitter:card\" content=\"summary_large_image\" \/>\n<meta name=\"twitter:label1\" content=\"Est. reading time\" \/>\n\t<meta name=\"twitter:data1\" content=\"1 minute\" \/>\n<script type=\"application\/ld+json\" class=\"yoast-schema-graph\">{\"@context\":\"https:\/\/schema.org\",\"@graph\":[{\"@type\":\"WebPage\",\"@id\":\"https:\/\/facundosartore.cl\/product\/suscripcion-mensual-vina-facundo-sartore\/\",\"url\":\"https:\/\/facundosartore.cl\/product\/suscripcion-mensual-vina-facundo-sartore\/\",\"name\":\"Harvest Temptation \u2013 Moscatel de Alejandr\u00eda 2021 - Vi\u00f1a Facundo Sartore\",\"isPartOf\":{\"@id\":\"https:\/\/facundosartore.cl\/#website\"},\"primaryImageOfPage\":{\"@id\":\"https:\/\/facundosartore.cl\/product\/suscripcion-mensual-vina-facundo-sartore\/#primaryimage\"},\"image\":{\"@id\":\"https:\/\/facundosartore.cl\/product\/suscripcion-mensual-vina-facundo-sartore\/#primaryimage\"},\"thumbnailUrl\":\"https:\/\/facundosartore.cl\/wp-content\/uploads\/2022\/04\/Harvest-1.png\",\"datePublished\":\"2022-04-04T19:36:32+00:00\",\"dateModified\":\"2025-05-25T00:43:56+00:00\",\"description\":\"De plantas ancestrales, antiguas y en condiciones de secano aparece Harvest Temptation 2021 - Moscatel de Alejandr\u00eda. Este es un vino blanco de esta noble\",\"breadcrumb\":{\"@id\":\"https:\/\/facundosartore.cl\/product\/suscripcion-mensual-vina-facundo-sartore\/#breadcrumb\"},\"inLanguage\":\"en-US\",\"potentialAction\":[{\"@type\":\"ReadAction\",\"target\":[\"https:\/\/facundosartore.cl\/product\/suscripcion-mensual-vina-facundo-sartore\/\"]}]},{\"@type\":\"ImageObject\",\"inLanguage\":\"en-US\",\"@id\":\"https:\/\/facundosartore.cl\/product\/suscripcion-mensual-vina-facundo-sartore\/#primaryimage\",\"url\":\"https:\/\/facundosartore.cl\/wp-content\/uploads\/2022\/04\/Harvest-1.png\",\"contentUrl\":\"https:\/\/facundosartore.cl\/wp-content\/uploads\/2022\/04\/Harvest-1.png\",\"width\":720,\"height\":729},{\"@type\":\"BreadcrumbList\",\"@id\":\"https:\/\/facundosartore.cl\/product\/suscripcion-mensual-vina-facundo-sartore\/#breadcrumb\",\"itemListElement\":[{\"@type\":\"ListItem\",\"position\":1,\"name\":\"Portada\",\"item\":\"https:\/\/facundosartore.cl\/\"},{\"@type\":\"ListItem\",\"position\":2,\"name\":\"Productos\",\"item\":\"https:\/\/facundosartore.cl\/shop\/\"},{\"@type\":\"ListItem\",\"position\":3,\"name\":\"Harvest Temptation \u2013 Moscatel de Alejandr\u00eda 2021\"}]},{\"@type\":\"WebSite\",\"@id\":\"https:\/\/facundosartore.cl\/#website\",\"url\":\"https:\/\/facundosartore.cl\/\",\"name\":\"Vi\u00f1a Facundo Sartore\",\"description\":\"EL ARTE QUE BEBES DESDE EL CORAZ\u00d3N\",\"publisher\":{\"@id\":\"https:\/\/facundosartore.cl\/#organization\"},\"potentialAction\":[{\"@type\":\"SearchAction\",\"target\":{\"@type\":\"EntryPoint\",\"urlTemplate\":\"https:\/\/facundosartore.cl\/?s={search_term_string}\"},\"query-input\":{\"@type\":\"PropertyValueSpecification\",\"valueRequired\":true,\"valueName\":\"search_term_string\"}}],\"inLanguage\":\"en-US\"},{\"@type\":\"Organization\",\"@id\":\"https:\/\/facundosartore.cl\/#organization\",\"name\":\"Vi\u00f1a Facundo Sartore\",\"url\":\"https:\/\/facundosartore.cl\/\",\"logo\":{\"@type\":\"ImageObject\",\"inLanguage\":\"en-US\",\"@id\":\"https:\/\/facundosartore.cl\/#\/schema\/logo\/image\/\",\"url\":\"https:\/\/facundosartore.cl\/wp-content\/uploads\/2022\/03\/vina-logo.png\",\"contentUrl\":\"https:\/\/facundosartore.cl\/wp-content\/uploads\/2022\/03\/vina-logo.png\",\"width\":2320,\"height\":2281,\"caption\":\"Vi\u00f1a Facundo Sartore\"},\"image\":{\"@id\":\"https:\/\/facundosartore.cl\/#\/schema\/logo\/image\/\"}}]}<\/script>\n<!-- \/ Yoast SEO plugin. -->","yoast_head_json":{"title":"Harvest Temptation \u2013 Moscatel de Alejandr\u00eda 2021 - Vi\u00f1a Facundo Sartore","description":"De plantas ancestrales, antiguas y en condiciones de secano aparece Harvest Temptation 2021 - Moscatel de Alejandr\u00eda. Este es un vino blanco de esta noble","robots":{"index":"index","follow":"follow","max-snippet":"max-snippet:-1","max-image-preview":"max-image-preview:large","max-video-preview":"max-video-preview:-1"},"canonical":"https:\/\/facundosartore.cl\/en\/product\/suscripcion-mensual-vina-facundo-sartore\/","og_locale":"en_US","og_type":"article","og_title":"Harvest Temptation \u2013 Moscatel de Alejandr\u00eda 2021 - Vi\u00f1a Facundo Sartore","og_description":"De plantas ancestrales, antiguas y en condiciones de secano aparece Harvest Temptation 2021 - Moscatel de Alejandr\u00eda. Este es un vino blanco de esta noble","og_url":"https:\/\/facundosartore.cl\/en\/product\/suscripcion-mensual-vina-facundo-sartore\/","og_site_name":"Vi\u00f1a Facundo Sartore","article_modified_time":"2025-05-25T00:43:56+00:00","og_image":[{"width":720,"height":729,"url":"https:\/\/facundosartore.cl\/wp-content\/uploads\/2022\/04\/Harvest-1.png","type":"image\/png"}],"twitter_card":"summary_large_image","twitter_misc":{"Est. reading time":"1 minute"},"schema":{"@context":"https:\/\/schema.org","@graph":[{"@type":"WebPage","@id":"https:\/\/facundosartore.cl\/product\/suscripcion-mensual-vina-facundo-sartore\/","url":"https:\/\/facundosartore.cl\/product\/suscripcion-mensual-vina-facundo-sartore\/","name":"Harvest Temptation \u2013 Moscatel de Alejandr\u00eda 2021 - Vi\u00f1a Facundo Sartore","isPartOf":{"@id":"https:\/\/facundosartore.cl\/#website"},"primaryImageOfPage":{"@id":"https:\/\/facundosartore.cl\/product\/suscripcion-mensual-vina-facundo-sartore\/#primaryimage"},"image":{"@id":"https:\/\/facundosartore.cl\/product\/suscripcion-mensual-vina-facundo-sartore\/#primaryimage"},"thumbnailUrl":"https:\/\/facundosartore.cl\/wp-content\/uploads\/2022\/04\/Harvest-1.png","datePublished":"2022-04-04T19:36:32+00:00","dateModified":"2025-05-25T00:43:56+00:00","description":"De plantas ancestrales, antiguas y en condiciones de secano aparece Harvest Temptation 2021 - Moscatel de Alejandr\u00eda. Este es un vino blanco de esta noble","breadcrumb":{"@id":"https:\/\/facundosartore.cl\/product\/suscripcion-mensual-vina-facundo-sartore\/#breadcrumb"},"inLanguage":"en-US","potentialAction":[{"@type":"ReadAction","target":["https:\/\/facundosartore.cl\/product\/suscripcion-mensual-vina-facundo-sartore\/"]}]},{"@type":"ImageObject","inLanguage":"en-US","@id":"https:\/\/facundosartore.cl\/product\/suscripcion-mensual-vina-facundo-sartore\/#primaryimage","url":"https:\/\/facundosartore.cl\/wp-content\/uploads\/2022\/04\/Harvest-1.png","contentUrl":"https:\/\/facundosartore.cl\/wp-content\/uploads\/2022\/04\/Harvest-1.png","width":720,"height":729},{"@type":"BreadcrumbList","@id":"https:\/\/facundosartore.cl\/product\/suscripcion-mensual-vina-facundo-sartore\/#breadcrumb","itemListElement":[{"@type":"ListItem","position":1,"name":"Portada","item":"https:\/\/facundosartore.cl\/"},{"@type":"ListItem","position":2,"name":"Productos","item":"https:\/\/facundosartore.cl\/shop\/"},{"@type":"ListItem","position":3,"name":"Harvest Temptation \u2013 Moscatel de Alejandr\u00eda 2021"}]},{"@type":"WebSite","@id":"https:\/\/facundosartore.cl\/#website","url":"https:\/\/facundosartore.cl\/","name":"Vi\u00f1a Facundo Sartore","description":"EL ARTE QUE BEBES DESDE EL CORAZ\u00d3N","publisher":{"@id":"https:\/\/facundosartore.cl\/#organization"},"potentialAction":[{"@type":"SearchAction","target":{"@type":"EntryPoint","urlTemplate":"https:\/\/facundosartore.cl\/?s={search_term_string}"},"query-input":{"@type":"PropertyValueSpecification","valueRequired":true,"valueName":"search_term_string"}}],"inLanguage":"en-US"},{"@type":"Organization","@id":"https:\/\/facundosartore.cl\/#organization","name":"Vi\u00f1a Facundo Sartore","url":"https:\/\/facundosartore.cl\/","logo":{"@type":"ImageObject","inLanguage":"en-US","@id":"https:\/\/facundosartore.cl\/#\/schema\/logo\/image\/","url":"https:\/\/facundosartore.cl\/wp-content\/uploads\/2022\/03\/vina-logo.png","contentUrl":"https:\/\/facundosartore.cl\/wp-content\/uploads\/2022\/03\/vina-logo.png","width":2320,"height":2281,"caption":"Vi\u00f1a Facundo Sartore"},"image":{"@id":"https:\/\/facundosartore.cl\/#\/schema\/logo\/image\/"}}]}},"_links":{"self":[{"href":"https:\/\/facundosartore.cl\/en\/wp-json\/wp\/v2\/product\/12213","targetHints":{"allow":["GET"]}}],"collection":[{"href":"https:\/\/facundosartore.cl\/en\/wp-json\/wp\/v2\/product"}],"about":[{"href":"https:\/\/facundosartore.cl\/en\/wp-json\/wp\/v2\/types\/product"}],"replies":[{"embeddable":true,"href":"https:\/\/facundosartore.cl\/en\/wp-json\/wp\/v2\/comments?post=12213"}],"wp:featuredmedia":[{"embeddable":true,"href":"https:\/\/facundosartore.cl\/en\/wp-json\/wp\/v2\/media\/12416"}],"wp:attachment":[{"href":"https:\/\/facundosartore.cl\/en\/wp-json\/wp\/v2\/media?parent=12213"}],"wp:term":[{"taxonomy":"product_brand","embeddable":true,"href":"https:\/\/facundosartore.cl\/en\/wp-json\/wp\/v2\/product_brand?post=12213"},{"taxonomy":"product_cat","embeddable":true,"href":"https:\/\/facundosartore.cl\/en\/wp-json\/wp\/v2\/product_cat?post=12213"},{"taxonomy":"product_tag","embeddable":true,"href":"https:\/\/facundosartore.cl\/en\/wp-json\/wp\/v2\/product_tag?post=12213"}],"curies":[{"name":"wp","href":"https:\/\/api.w.org\/{rel}","templated":true}]}}