{"id":11884,"date":"2022-03-29T21:17:57","date_gmt":"2022-03-29T21:17:57","guid":{"rendered":"https:\/\/facundosartore.cl\/?post_type=product&#038;p=11884"},"modified":"2025-02-06T17:15:24","modified_gmt":"2025-02-06T17:15:24","slug":"mix-vina-facundo-sartore","status":"publish","type":"product","link":"https:\/\/facundosartore.cl\/en\/product\/mix-vina-facundo-sartore\/","title":{"rendered":"Harvest Distinction\u2013 Cinsault 2022"},"content":{"rendered":"<p><strong>Harvest Distinction 2022 es un vino monovarietal de la cepa Cinsault, elaborado con uvas de cuarteles antiguos de esta noble variedad, provenientes de un vi\u00f1edo ubicado en el centro del Valle del Itata.<\/strong><\/p>\n<p>Es caracter\u00edstico por su color rojo rub\u00ed p\u00e1lido y aroma dominante a frutos rojos como cerezas, sutil aroma a masas tostadas y notas l\u00e1cticas que se van desvaneciendo hasta llegar a chocolate bitter. En boca, es frutal y mentolado, cremoso con una persistencia media a larga. Este vino es ideal para acompa\u00f1ar carnes rojas, blancas, guisos criollos, platos vegetarianos, ensaladas frescas o quesos frescos.<\/p>\n<p><strong>Temperatura de servicio: 12-14\u00baC (descorchar 15 minutos antes de su servicio para una experiencia \u00f3ptima).<\/strong><br \/>\n<strong>Vino Tinto.<\/strong><br \/>\n<strong>Contiene Sulfitos.<\/strong><br \/>\n<strong>Este vino podr\u00eda contener precipitados que no altera el producto.<\/strong><br \/>\n<strong>Valor energ\u00e9tico: 81 kcal\/100ml. <\/strong><br \/>\n<strong>13,2 \u00baGL \/ %vol<\/strong><br \/>\n<strong>750 ml. \/ c.c.<\/strong><\/p>","protected":false},"excerpt":{"rendered":"<p>Es caracter\u00edstico por su color rojo rub\u00ed p\u00e1lido y aroma dominante a frutos rojos como cerezas, sutil aroma a masas tostadas y notas l\u00e1cticas que se van desvaneciendo hasta llegar a chocolate bitter.<\/p>\n<p><strong>-La mujer embarazada no debe beber alcohol.<\/strong><\/p>\n<p><strong> -El consumo de alcohol limita su capacidad para conducir.<\/strong><\/p>\n<p><strong> -El consumo de alcohol en menores da\u00f1a su desarrollo f\u00edsico e intelectual. <\/strong><\/p>\n<p> <a class=\"more-link\" href=\"https:\/\/facundosartore.cl\/en\/product\/mix-vina-facundo-sartore\/\">Read more<\/a><\/p>","protected":false},"featured_media":12414,"comment_status":"open","ping_status":"closed","template":"","meta":{"_joinchat":[]},"product_brand":[],"product_cat":[48],"product_tag":[],"class_list":{"0":"post-11884","1":"product","2":"type-product","3":"status-publish","4":"has-post-thumbnail","6":"product_cat-vinos","8":"first","9":"instock","10":"sale","11":"shipping-taxable","12":"purchasable","13":"product-type-simple"},"yoast_head":"<!-- This site is optimized with the Yoast SEO plugin v25.3 - https:\/\/yoast.com\/wordpress\/plugins\/seo\/ -->\n<title>Harvest Distinction\u2013 Cinsault 2022 - Vi\u00f1a Facundo Sartore<\/title>\n<meta name=\"description\" content=\"Uvas provenientes de cuarteles antiguos de esta noble variedad, Harvest Distinction 2022 ofrece un color rojo rub\u00ed p\u00e1lido y aroma dominante\" \/>\n<meta name=\"robots\" content=\"index, follow, max-snippet:-1, max-image-preview:large, max-video-preview:-1\" \/>\n<link rel=\"canonical\" href=\"https:\/\/facundosartore.cl\/en\/product\/mix-vina-facundo-sartore\/\" \/>\n<meta property=\"og:locale\" content=\"en_US\" \/>\n<meta property=\"og:type\" content=\"article\" \/>\n<meta property=\"og:title\" content=\"Harvest Distinction\u2013 Cinsault 2022 - Vi\u00f1a Facundo Sartore\" \/>\n<meta property=\"og:description\" content=\"Uvas provenientes de cuarteles antiguos de esta noble variedad, Harvest Distinction 2022 ofrece un color rojo rub\u00ed p\u00e1lido y aroma dominante\" \/>\n<meta property=\"og:url\" content=\"https:\/\/facundosartore.cl\/en\/product\/mix-vina-facundo-sartore\/\" \/>\n<meta property=\"og:site_name\" content=\"Vi\u00f1a Facundo Sartore\" \/>\n<meta property=\"article:modified_time\" content=\"2025-02-06T17:15:24+00:00\" \/>\n<meta property=\"og:image\" content=\"https:\/\/facundosartore.cl\/wp-content\/uploads\/2022\/03\/Harvest.png\" \/>\n\t<meta property=\"og:image:width\" content=\"720\" \/>\n\t<meta property=\"og:image:height\" content=\"731\" \/>\n\t<meta property=\"og:image:type\" content=\"image\/png\" \/>\n<meta name=\"twitter:card\" content=\"summary_large_image\" \/>\n<meta name=\"twitter:label1\" content=\"Est. reading time\" \/>\n\t<meta name=\"twitter:data1\" content=\"1 minute\" \/>\n<script type=\"application\/ld+json\" class=\"yoast-schema-graph\">{\"@context\":\"https:\/\/schema.org\",\"@graph\":[{\"@type\":\"WebPage\",\"@id\":\"https:\/\/facundosartore.cl\/product\/mix-vina-facundo-sartore\/\",\"url\":\"https:\/\/facundosartore.cl\/product\/mix-vina-facundo-sartore\/\",\"name\":\"Harvest Distinction\u2013 Cinsault 2022 - Vi\u00f1a Facundo Sartore\",\"isPartOf\":{\"@id\":\"https:\/\/facundosartore.cl\/#website\"},\"primaryImageOfPage\":{\"@id\":\"https:\/\/facundosartore.cl\/product\/mix-vina-facundo-sartore\/#primaryimage\"},\"image\":{\"@id\":\"https:\/\/facundosartore.cl\/product\/mix-vina-facundo-sartore\/#primaryimage\"},\"thumbnailUrl\":\"https:\/\/facundosartore.cl\/wp-content\/uploads\/2022\/03\/Harvest.png\",\"datePublished\":\"2022-03-29T21:17:57+00:00\",\"dateModified\":\"2025-02-06T17:15:24+00:00\",\"description\":\"Uvas provenientes de cuarteles antiguos de esta noble variedad, Harvest Distinction 2022 ofrece un color rojo rub\u00ed p\u00e1lido y aroma dominante\",\"breadcrumb\":{\"@id\":\"https:\/\/facundosartore.cl\/product\/mix-vina-facundo-sartore\/#breadcrumb\"},\"inLanguage\":\"en-US\",\"potentialAction\":[{\"@type\":\"ReadAction\",\"target\":[\"https:\/\/facundosartore.cl\/product\/mix-vina-facundo-sartore\/\"]}]},{\"@type\":\"ImageObject\",\"inLanguage\":\"en-US\",\"@id\":\"https:\/\/facundosartore.cl\/product\/mix-vina-facundo-sartore\/#primaryimage\",\"url\":\"https:\/\/facundosartore.cl\/wp-content\/uploads\/2022\/03\/Harvest.png\",\"contentUrl\":\"https:\/\/facundosartore.cl\/wp-content\/uploads\/2022\/03\/Harvest.png\",\"width\":720,\"height\":731},{\"@type\":\"BreadcrumbList\",\"@id\":\"https:\/\/facundosartore.cl\/product\/mix-vina-facundo-sartore\/#breadcrumb\",\"itemListElement\":[{\"@type\":\"ListItem\",\"position\":1,\"name\":\"Portada\",\"item\":\"https:\/\/facundosartore.cl\/\"},{\"@type\":\"ListItem\",\"position\":2,\"name\":\"Productos\",\"item\":\"https:\/\/facundosartore.cl\/shop\/\"},{\"@type\":\"ListItem\",\"position\":3,\"name\":\"Harvest Distinction\u2013 Cinsault 2022\"}]},{\"@type\":\"WebSite\",\"@id\":\"https:\/\/facundosartore.cl\/#website\",\"url\":\"https:\/\/facundosartore.cl\/\",\"name\":\"Vi\u00f1a Facundo Sartore\",\"description\":\"EL ARTE QUE BEBES DESDE EL CORAZ\u00d3N\",\"publisher\":{\"@id\":\"https:\/\/facundosartore.cl\/#organization\"},\"potentialAction\":[{\"@type\":\"SearchAction\",\"target\":{\"@type\":\"EntryPoint\",\"urlTemplate\":\"https:\/\/facundosartore.cl\/?s={search_term_string}\"},\"query-input\":{\"@type\":\"PropertyValueSpecification\",\"valueRequired\":true,\"valueName\":\"search_term_string\"}}],\"inLanguage\":\"en-US\"},{\"@type\":\"Organization\",\"@id\":\"https:\/\/facundosartore.cl\/#organization\",\"name\":\"Vi\u00f1a Facundo Sartore\",\"url\":\"https:\/\/facundosartore.cl\/\",\"logo\":{\"@type\":\"ImageObject\",\"inLanguage\":\"en-US\",\"@id\":\"https:\/\/facundosartore.cl\/#\/schema\/logo\/image\/\",\"url\":\"https:\/\/facundosartore.cl\/wp-content\/uploads\/2022\/03\/vina-logo.png\",\"contentUrl\":\"https:\/\/facundosartore.cl\/wp-content\/uploads\/2022\/03\/vina-logo.png\",\"width\":2320,\"height\":2281,\"caption\":\"Vi\u00f1a Facundo Sartore\"},\"image\":{\"@id\":\"https:\/\/facundosartore.cl\/#\/schema\/logo\/image\/\"}}]}<\/script>\n<!-- \/ Yoast SEO plugin. -->","yoast_head_json":{"title":"Harvest Distinction\u2013 Cinsault 2022 - Vi\u00f1a Facundo Sartore","description":"Uvas provenientes de cuarteles antiguos de esta noble variedad, Harvest Distinction 2022 ofrece un color rojo rub\u00ed p\u00e1lido y aroma dominante","robots":{"index":"index","follow":"follow","max-snippet":"max-snippet:-1","max-image-preview":"max-image-preview:large","max-video-preview":"max-video-preview:-1"},"canonical":"https:\/\/facundosartore.cl\/en\/product\/mix-vina-facundo-sartore\/","og_locale":"en_US","og_type":"article","og_title":"Harvest Distinction\u2013 Cinsault 2022 - Vi\u00f1a Facundo Sartore","og_description":"Uvas provenientes de cuarteles antiguos de esta noble variedad, Harvest Distinction 2022 ofrece un color rojo rub\u00ed p\u00e1lido y aroma dominante","og_url":"https:\/\/facundosartore.cl\/en\/product\/mix-vina-facundo-sartore\/","og_site_name":"Vi\u00f1a Facundo Sartore","article_modified_time":"2025-02-06T17:15:24+00:00","og_image":[{"width":720,"height":731,"url":"https:\/\/facundosartore.cl\/wp-content\/uploads\/2022\/03\/Harvest.png","type":"image\/png"}],"twitter_card":"summary_large_image","twitter_misc":{"Est. reading time":"1 minute"},"schema":{"@context":"https:\/\/schema.org","@graph":[{"@type":"WebPage","@id":"https:\/\/facundosartore.cl\/product\/mix-vina-facundo-sartore\/","url":"https:\/\/facundosartore.cl\/product\/mix-vina-facundo-sartore\/","name":"Harvest Distinction\u2013 Cinsault 2022 - Vi\u00f1a Facundo Sartore","isPartOf":{"@id":"https:\/\/facundosartore.cl\/#website"},"primaryImageOfPage":{"@id":"https:\/\/facundosartore.cl\/product\/mix-vina-facundo-sartore\/#primaryimage"},"image":{"@id":"https:\/\/facundosartore.cl\/product\/mix-vina-facundo-sartore\/#primaryimage"},"thumbnailUrl":"https:\/\/facundosartore.cl\/wp-content\/uploads\/2022\/03\/Harvest.png","datePublished":"2022-03-29T21:17:57+00:00","dateModified":"2025-02-06T17:15:24+00:00","description":"Uvas provenientes de cuarteles antiguos de esta noble variedad, Harvest Distinction 2022 ofrece un color rojo rub\u00ed p\u00e1lido y aroma dominante","breadcrumb":{"@id":"https:\/\/facundosartore.cl\/product\/mix-vina-facundo-sartore\/#breadcrumb"},"inLanguage":"en-US","potentialAction":[{"@type":"ReadAction","target":["https:\/\/facundosartore.cl\/product\/mix-vina-facundo-sartore\/"]}]},{"@type":"ImageObject","inLanguage":"en-US","@id":"https:\/\/facundosartore.cl\/product\/mix-vina-facundo-sartore\/#primaryimage","url":"https:\/\/facundosartore.cl\/wp-content\/uploads\/2022\/03\/Harvest.png","contentUrl":"https:\/\/facundosartore.cl\/wp-content\/uploads\/2022\/03\/Harvest.png","width":720,"height":731},{"@type":"BreadcrumbList","@id":"https:\/\/facundosartore.cl\/product\/mix-vina-facundo-sartore\/#breadcrumb","itemListElement":[{"@type":"ListItem","position":1,"name":"Portada","item":"https:\/\/facundosartore.cl\/"},{"@type":"ListItem","position":2,"name":"Productos","item":"https:\/\/facundosartore.cl\/shop\/"},{"@type":"ListItem","position":3,"name":"Harvest Distinction\u2013 Cinsault 2022"}]},{"@type":"WebSite","@id":"https:\/\/facundosartore.cl\/#website","url":"https:\/\/facundosartore.cl\/","name":"Vi\u00f1a Facundo Sartore","description":"EL ARTE QUE BEBES DESDE EL CORAZ\u00d3N","publisher":{"@id":"https:\/\/facundosartore.cl\/#organization"},"potentialAction":[{"@type":"SearchAction","target":{"@type":"EntryPoint","urlTemplate":"https:\/\/facundosartore.cl\/?s={search_term_string}"},"query-input":{"@type":"PropertyValueSpecification","valueRequired":true,"valueName":"search_term_string"}}],"inLanguage":"en-US"},{"@type":"Organization","@id":"https:\/\/facundosartore.cl\/#organization","name":"Vi\u00f1a Facundo Sartore","url":"https:\/\/facundosartore.cl\/","logo":{"@type":"ImageObject","inLanguage":"en-US","@id":"https:\/\/facundosartore.cl\/#\/schema\/logo\/image\/","url":"https:\/\/facundosartore.cl\/wp-content\/uploads\/2022\/03\/vina-logo.png","contentUrl":"https:\/\/facundosartore.cl\/wp-content\/uploads\/2022\/03\/vina-logo.png","width":2320,"height":2281,"caption":"Vi\u00f1a Facundo Sartore"},"image":{"@id":"https:\/\/facundosartore.cl\/#\/schema\/logo\/image\/"}}]}},"_links":{"self":[{"href":"https:\/\/facundosartore.cl\/en\/wp-json\/wp\/v2\/product\/11884","targetHints":{"allow":["GET"]}}],"collection":[{"href":"https:\/\/facundosartore.cl\/en\/wp-json\/wp\/v2\/product"}],"about":[{"href":"https:\/\/facundosartore.cl\/en\/wp-json\/wp\/v2\/types\/product"}],"replies":[{"embeddable":true,"href":"https:\/\/facundosartore.cl\/en\/wp-json\/wp\/v2\/comments?post=11884"}],"wp:featuredmedia":[{"embeddable":true,"href":"https:\/\/facundosartore.cl\/en\/wp-json\/wp\/v2\/media\/12414"}],"wp:attachment":[{"href":"https:\/\/facundosartore.cl\/en\/wp-json\/wp\/v2\/media?parent=11884"}],"wp:term":[{"taxonomy":"product_brand","embeddable":true,"href":"https:\/\/facundosartore.cl\/en\/wp-json\/wp\/v2\/product_brand?post=11884"},{"taxonomy":"product_cat","embeddable":true,"href":"https:\/\/facundosartore.cl\/en\/wp-json\/wp\/v2\/product_cat?post=11884"},{"taxonomy":"product_tag","embeddable":true,"href":"https:\/\/facundosartore.cl\/en\/wp-json\/wp\/v2\/product_tag?post=11884"}],"curies":[{"name":"wp","href":"https:\/\/api.w.org\/{rel}","templated":true}]}}