{"id":11882,"date":"2022-03-29T21:15:38","date_gmt":"2022-03-29T21:15:38","guid":{"rendered":"https:\/\/facundosartore.cl\/?post_type=product&#038;p=11882"},"modified":"2025-02-06T17:10:29","modified_gmt":"2025-02-06T17:10:29","slug":"vino-rose-750ml-cosecha-2022","status":"publish","type":"product","link":"https:\/\/facundosartore.cl\/en\/product\/vino-rose-750ml-cosecha-2022\/","title":{"rendered":"Harvest Seduction\u2013 Cinsault ros\u00e9 2022"},"content":{"rendered":"<p><strong>Este es un vino seductor, atrayente que busca encantar con su personalidad. Harvest Seduction 2022 es un vino monovarietal Cinsault caracter\u00edstico por su color rosado p\u00e1lido brillante.<\/strong><\/p>\n<p>Arom\u00e1ticamente nos trae esencias de ciruelas, t\u00e9, manzanas verdes y c\u00e9sped reci\u00e9n cortado. Para darle m\u00e1s complejidad, este vino tuvo una breve crianza en barricas de roble franc\u00e9s que le entrega un tenue aroma a pl\u00e1tano maduro. En boca es un vino que manifiesta una alta frescura, destacando sus intensos aromas a tioles, jugos de lima, sensaci\u00f3n a rosa mosqueta y tostado suave. Este vino es ideal para acompa\u00f1ar platos frescos poco picantes, ensaladas con trozos de quesos, aves de caza y pastas con salsa blanca, ensaladas frescas, platos mediterr\u00e1neos y postres.<br \/>\nTemperatura de servicio: 8-10\u00baC<\/p>\n<p><strong>Vino Rosado.<\/strong><br \/>\n<strong>Contiene Sulfitos.<\/strong><br \/>\n<strong>Este vino podr\u00eda contener precipitados que no alteran el producto.<\/strong><br \/>\n<strong>Valor energ\u00e9tico: 74 kcal\/100ml. <\/strong><br \/>\n<strong>12,7 \u00ba GL \/ %vol.<\/strong><br \/>\n<strong>750 ml. \/ c.c.<\/strong><\/p>","protected":false},"excerpt":{"rendered":"<p>Arom\u00e1ticamente nos trae esencias de ciruelas, t\u00e9, manzanas verdes y c\u00e9sped reci\u00e9n cortado. Para darle m\u00e1s complejidad, este vino tuvo una breve crianza en barricas de roble franc\u00e9s que le entrega un tenue aroma a pl\u00e1tano maduro.<\/p>\n<p><strong>-La mujer embarazada no debe beber alcohol.<\/strong><\/p>\n<p><strong> -El consumo de alcohol limita su capacidad para conducir. <\/strong><\/p>\n<p><strong>-El consumo de alcohol en menores da\u00f1a su desarrollo f\u00edsico e intelectual.<\/strong><\/p>\n<p> <a class=\"more-link\" href=\"https:\/\/facundosartore.cl\/en\/product\/vino-rose-750ml-cosecha-2022\/\">Read more<\/a><\/p>","protected":false},"featured_media":12412,"comment_status":"open","ping_status":"closed","template":"","meta":{"_joinchat":[]},"product_brand":[],"product_cat":[48],"product_tag":[],"class_list":{"0":"post-11882","1":"product","2":"type-product","3":"status-publish","4":"has-post-thumbnail","6":"product_cat-vinos","8":"first","9":"instock","10":"sale","11":"featured","12":"shipping-taxable","13":"purchasable","14":"product-type-simple"},"yoast_head":"<!-- This site is optimized with the Yoast SEO plugin v25.3 - https:\/\/yoast.com\/wordpress\/plugins\/seo\/ -->\n<title>Harvest Seduction\u2013 Cinsault ros\u00e9 2022 - Vi\u00f1a Facundo Sartore<\/title>\n<meta name=\"description\" content=\"Este vino es un vino seductor, atrayente y coqueto que busca encantar con su personalidad. Harvest Seduction 2022 es un vino de color rosado p\u00e1li\" \/>\n<meta name=\"robots\" content=\"index, follow, max-snippet:-1, max-image-preview:large, max-video-preview:-1\" \/>\n<link rel=\"canonical\" href=\"https:\/\/facundosartore.cl\/en\/product\/vino-rose-750ml-cosecha-2022\/\" \/>\n<meta property=\"og:locale\" content=\"en_US\" \/>\n<meta property=\"og:type\" content=\"article\" \/>\n<meta property=\"og:title\" content=\"Harvest Seduction\u2013 Cinsault ros\u00e9 2022 - Vi\u00f1a Facundo Sartore\" \/>\n<meta property=\"og:description\" content=\"Este vino es un vino seductor, atrayente y coqueto que busca encantar con su personalidad. Harvest Seduction 2022 es un vino de color rosado p\u00e1li\" \/>\n<meta property=\"og:url\" content=\"https:\/\/facundosartore.cl\/en\/product\/vino-rose-750ml-cosecha-2022\/\" \/>\n<meta property=\"og:site_name\" content=\"Vi\u00f1a Facundo Sartore\" \/>\n<meta property=\"article:modified_time\" content=\"2025-02-06T17:10:29+00:00\" \/>\n<meta property=\"og:image\" content=\"https:\/\/facundosartore.cl\/wp-content\/uploads\/2022\/03\/adan720x720-1.png\" \/>\n\t<meta property=\"og:image:width\" content=\"720\" \/>\n\t<meta property=\"og:image:height\" content=\"720\" \/>\n\t<meta property=\"og:image:type\" content=\"image\/png\" \/>\n<meta name=\"twitter:card\" content=\"summary_large_image\" \/>\n<meta name=\"twitter:label1\" content=\"Est. reading time\" \/>\n\t<meta name=\"twitter:data1\" content=\"1 minute\" \/>\n<script type=\"application\/ld+json\" class=\"yoast-schema-graph\">{\"@context\":\"https:\/\/schema.org\",\"@graph\":[{\"@type\":\"WebPage\",\"@id\":\"https:\/\/facundosartore.cl\/product\/vino-rose-750ml-cosecha-2022\/\",\"url\":\"https:\/\/facundosartore.cl\/product\/vino-rose-750ml-cosecha-2022\/\",\"name\":\"Harvest Seduction\u2013 Cinsault ros\u00e9 2022 - Vi\u00f1a Facundo Sartore\",\"isPartOf\":{\"@id\":\"https:\/\/facundosartore.cl\/#website\"},\"primaryImageOfPage\":{\"@id\":\"https:\/\/facundosartore.cl\/product\/vino-rose-750ml-cosecha-2022\/#primaryimage\"},\"image\":{\"@id\":\"https:\/\/facundosartore.cl\/product\/vino-rose-750ml-cosecha-2022\/#primaryimage\"},\"thumbnailUrl\":\"https:\/\/facundosartore.cl\/wp-content\/uploads\/2022\/03\/adan720x720-1.png\",\"datePublished\":\"2022-03-29T21:15:38+00:00\",\"dateModified\":\"2025-02-06T17:10:29+00:00\",\"description\":\"Este vino es un vino seductor, atrayente y coqueto que busca encantar con su personalidad. Harvest Seduction 2022 es un vino de color rosado p\u00e1li\",\"breadcrumb\":{\"@id\":\"https:\/\/facundosartore.cl\/product\/vino-rose-750ml-cosecha-2022\/#breadcrumb\"},\"inLanguage\":\"en-US\",\"potentialAction\":[{\"@type\":\"ReadAction\",\"target\":[\"https:\/\/facundosartore.cl\/product\/vino-rose-750ml-cosecha-2022\/\"]}]},{\"@type\":\"ImageObject\",\"inLanguage\":\"en-US\",\"@id\":\"https:\/\/facundosartore.cl\/product\/vino-rose-750ml-cosecha-2022\/#primaryimage\",\"url\":\"https:\/\/facundosartore.cl\/wp-content\/uploads\/2022\/03\/adan720x720-1.png\",\"contentUrl\":\"https:\/\/facundosartore.cl\/wp-content\/uploads\/2022\/03\/adan720x720-1.png\",\"width\":720,\"height\":720},{\"@type\":\"BreadcrumbList\",\"@id\":\"https:\/\/facundosartore.cl\/product\/vino-rose-750ml-cosecha-2022\/#breadcrumb\",\"itemListElement\":[{\"@type\":\"ListItem\",\"position\":1,\"name\":\"Portada\",\"item\":\"https:\/\/facundosartore.cl\/\"},{\"@type\":\"ListItem\",\"position\":2,\"name\":\"Productos\",\"item\":\"https:\/\/facundosartore.cl\/shop\/\"},{\"@type\":\"ListItem\",\"position\":3,\"name\":\"Harvest Seduction\u2013 Cinsault ros\u00e9 2022\"}]},{\"@type\":\"WebSite\",\"@id\":\"https:\/\/facundosartore.cl\/#website\",\"url\":\"https:\/\/facundosartore.cl\/\",\"name\":\"Vi\u00f1a Facundo Sartore\",\"description\":\"EL ARTE QUE BEBES DESDE EL CORAZ\u00d3N\",\"publisher\":{\"@id\":\"https:\/\/facundosartore.cl\/#organization\"},\"potentialAction\":[{\"@type\":\"SearchAction\",\"target\":{\"@type\":\"EntryPoint\",\"urlTemplate\":\"https:\/\/facundosartore.cl\/?s={search_term_string}\"},\"query-input\":{\"@type\":\"PropertyValueSpecification\",\"valueRequired\":true,\"valueName\":\"search_term_string\"}}],\"inLanguage\":\"en-US\"},{\"@type\":\"Organization\",\"@id\":\"https:\/\/facundosartore.cl\/#organization\",\"name\":\"Vi\u00f1a Facundo Sartore\",\"url\":\"https:\/\/facundosartore.cl\/\",\"logo\":{\"@type\":\"ImageObject\",\"inLanguage\":\"en-US\",\"@id\":\"https:\/\/facundosartore.cl\/#\/schema\/logo\/image\/\",\"url\":\"https:\/\/facundosartore.cl\/wp-content\/uploads\/2022\/03\/vina-logo.png\",\"contentUrl\":\"https:\/\/facundosartore.cl\/wp-content\/uploads\/2022\/03\/vina-logo.png\",\"width\":2320,\"height\":2281,\"caption\":\"Vi\u00f1a Facundo Sartore\"},\"image\":{\"@id\":\"https:\/\/facundosartore.cl\/#\/schema\/logo\/image\/\"}}]}<\/script>\n<!-- \/ Yoast SEO plugin. -->","yoast_head_json":{"title":"Harvest Seduction\u2013 Cinsault ros\u00e9 2022 - Vi\u00f1a Facundo Sartore","description":"Este vino es un vino seductor, atrayente y coqueto que busca encantar con su personalidad. Harvest Seduction 2022 es un vino de color rosado p\u00e1li","robots":{"index":"index","follow":"follow","max-snippet":"max-snippet:-1","max-image-preview":"max-image-preview:large","max-video-preview":"max-video-preview:-1"},"canonical":"https:\/\/facundosartore.cl\/en\/product\/vino-rose-750ml-cosecha-2022\/","og_locale":"en_US","og_type":"article","og_title":"Harvest Seduction\u2013 Cinsault ros\u00e9 2022 - Vi\u00f1a Facundo Sartore","og_description":"Este vino es un vino seductor, atrayente y coqueto que busca encantar con su personalidad. Harvest Seduction 2022 es un vino de color rosado p\u00e1li","og_url":"https:\/\/facundosartore.cl\/en\/product\/vino-rose-750ml-cosecha-2022\/","og_site_name":"Vi\u00f1a Facundo Sartore","article_modified_time":"2025-02-06T17:10:29+00:00","og_image":[{"width":720,"height":720,"url":"https:\/\/facundosartore.cl\/wp-content\/uploads\/2022\/03\/adan720x720-1.png","type":"image\/png"}],"twitter_card":"summary_large_image","twitter_misc":{"Est. reading time":"1 minute"},"schema":{"@context":"https:\/\/schema.org","@graph":[{"@type":"WebPage","@id":"https:\/\/facundosartore.cl\/product\/vino-rose-750ml-cosecha-2022\/","url":"https:\/\/facundosartore.cl\/product\/vino-rose-750ml-cosecha-2022\/","name":"Harvest Seduction\u2013 Cinsault ros\u00e9 2022 - Vi\u00f1a Facundo Sartore","isPartOf":{"@id":"https:\/\/facundosartore.cl\/#website"},"primaryImageOfPage":{"@id":"https:\/\/facundosartore.cl\/product\/vino-rose-750ml-cosecha-2022\/#primaryimage"},"image":{"@id":"https:\/\/facundosartore.cl\/product\/vino-rose-750ml-cosecha-2022\/#primaryimage"},"thumbnailUrl":"https:\/\/facundosartore.cl\/wp-content\/uploads\/2022\/03\/adan720x720-1.png","datePublished":"2022-03-29T21:15:38+00:00","dateModified":"2025-02-06T17:10:29+00:00","description":"Este vino es un vino seductor, atrayente y coqueto que busca encantar con su personalidad. Harvest Seduction 2022 es un vino de color rosado p\u00e1li","breadcrumb":{"@id":"https:\/\/facundosartore.cl\/product\/vino-rose-750ml-cosecha-2022\/#breadcrumb"},"inLanguage":"en-US","potentialAction":[{"@type":"ReadAction","target":["https:\/\/facundosartore.cl\/product\/vino-rose-750ml-cosecha-2022\/"]}]},{"@type":"ImageObject","inLanguage":"en-US","@id":"https:\/\/facundosartore.cl\/product\/vino-rose-750ml-cosecha-2022\/#primaryimage","url":"https:\/\/facundosartore.cl\/wp-content\/uploads\/2022\/03\/adan720x720-1.png","contentUrl":"https:\/\/facundosartore.cl\/wp-content\/uploads\/2022\/03\/adan720x720-1.png","width":720,"height":720},{"@type":"BreadcrumbList","@id":"https:\/\/facundosartore.cl\/product\/vino-rose-750ml-cosecha-2022\/#breadcrumb","itemListElement":[{"@type":"ListItem","position":1,"name":"Portada","item":"https:\/\/facundosartore.cl\/"},{"@type":"ListItem","position":2,"name":"Productos","item":"https:\/\/facundosartore.cl\/shop\/"},{"@type":"ListItem","position":3,"name":"Harvest Seduction\u2013 Cinsault ros\u00e9 2022"}]},{"@type":"WebSite","@id":"https:\/\/facundosartore.cl\/#website","url":"https:\/\/facundosartore.cl\/","name":"Vi\u00f1a Facundo Sartore","description":"EL ARTE QUE BEBES DESDE EL CORAZ\u00d3N","publisher":{"@id":"https:\/\/facundosartore.cl\/#organization"},"potentialAction":[{"@type":"SearchAction","target":{"@type":"EntryPoint","urlTemplate":"https:\/\/facundosartore.cl\/?s={search_term_string}"},"query-input":{"@type":"PropertyValueSpecification","valueRequired":true,"valueName":"search_term_string"}}],"inLanguage":"en-US"},{"@type":"Organization","@id":"https:\/\/facundosartore.cl\/#organization","name":"Vi\u00f1a Facundo Sartore","url":"https:\/\/facundosartore.cl\/","logo":{"@type":"ImageObject","inLanguage":"en-US","@id":"https:\/\/facundosartore.cl\/#\/schema\/logo\/image\/","url":"https:\/\/facundosartore.cl\/wp-content\/uploads\/2022\/03\/vina-logo.png","contentUrl":"https:\/\/facundosartore.cl\/wp-content\/uploads\/2022\/03\/vina-logo.png","width":2320,"height":2281,"caption":"Vi\u00f1a Facundo Sartore"},"image":{"@id":"https:\/\/facundosartore.cl\/#\/schema\/logo\/image\/"}}]}},"_links":{"self":[{"href":"https:\/\/facundosartore.cl\/en\/wp-json\/wp\/v2\/product\/11882","targetHints":{"allow":["GET"]}}],"collection":[{"href":"https:\/\/facundosartore.cl\/en\/wp-json\/wp\/v2\/product"}],"about":[{"href":"https:\/\/facundosartore.cl\/en\/wp-json\/wp\/v2\/types\/product"}],"replies":[{"embeddable":true,"href":"https:\/\/facundosartore.cl\/en\/wp-json\/wp\/v2\/comments?post=11882"}],"wp:featuredmedia":[{"embeddable":true,"href":"https:\/\/facundosartore.cl\/en\/wp-json\/wp\/v2\/media\/12412"}],"wp:attachment":[{"href":"https:\/\/facundosartore.cl\/en\/wp-json\/wp\/v2\/media?parent=11882"}],"wp:term":[{"taxonomy":"product_brand","embeddable":true,"href":"https:\/\/facundosartore.cl\/en\/wp-json\/wp\/v2\/product_brand?post=11882"},{"taxonomy":"product_cat","embeddable":true,"href":"https:\/\/facundosartore.cl\/en\/wp-json\/wp\/v2\/product_cat?post=11882"},{"taxonomy":"product_tag","embeddable":true,"href":"https:\/\/facundosartore.cl\/en\/wp-json\/wp\/v2\/product_tag?post=11882"}],"curies":[{"name":"wp","href":"https:\/\/api.w.org\/{rel}","templated":true}]}}