{"id":11880,"date":"2022-03-29T21:14:41","date_gmt":"2022-03-29T21:14:41","guid":{"rendered":"https:\/\/facundosartore.cl\/?post_type=product&#038;p=11880"},"modified":"2025-02-06T17:14:07","modified_gmt":"2025-02-06T17:14:07","slug":"vino-tinto-hombre-de-negocios-cinsault","status":"publish","type":"product","link":"https:\/\/facundosartore.cl\/en\/product\/vino-tinto-hombre-de-negocios-cinsault\/","title":{"rendered":"Harvest Sartore Cinsault \u2013 (Uomini D&#8217;affari) 750ml  2022"},"content":{"rendered":"<p><strong><em>Sartore Uomo d\u00b4Affari<\/em> es un vino tinto monovarietal de la cepa Cinsault.<\/strong><\/p>\n<p>Hecho con fruta proveniente de vi\u00f1edos antiguos de la zona de Guarilihue Alto y seleccionada manualmente al momento de la cosecha y del despalillado. Posee un color rub\u00ed suave y brillante, aromas a frutos oscuros y concentrados como higos maduros, mermeladas de mora y ar\u00e1ndanos; al oxigenar la copa abundan aromas terciarios provenientes de la extensa y programada crianza en barricas de roble franc\u00e9s y americano, asimismo como laurel y flor de vainilla. En boca se presenta con estructura, fresco y envolvente, se adhiere largamente al paladar, insin\u00faa jugos de frambuesa, yogurt de mora y termina con toque enmantequillado. Este vino es ideal para acompa\u00f1ar con carnes poco magras y a la parrilla acompa\u00f1ado de pur\u00e9 de papas, pastas con salsas cremosas, quesos blancos de sabor fuerte y frutos secos.<\/p>\n<p>Temperatura de servicio: 14-16\u00b0C (descorchar 15 minutos antes de su servicio para una experiencia \u00f3ptima).<\/p>\n<p>Vino Tinto.<\/p>\n<p>Contiene Sulfitos.<\/p>\n<p>Este vino podr\u00eda contener precipitados que no alteran el producto.<\/p>\n<p>Valor energ\u00e9tico: 80 kcal\/100ml<\/p>\n<p>13\u00b0GL \/ % vol.<\/p>\n<p>750 ml. \/ c.c.<\/p>","protected":false},"excerpt":{"rendered":"<p>Hecho con fruta proveniente de vi\u00f1edos antiguos de la zona de Guarilihue Alto y seleccionada manualmente al momento de la cosecha y del despalillado<\/p>\n<p><strong>-La mujer embarazada no debe beber alcohol.<\/strong><\/p>\n<p><strong>-El consumo de alcohol limita su capacidad para conducir.<\/strong><\/p>\n<p><strong>-El consumo de alcohol en menores da\u00f1a su desarrollo f\u00edsico e intelectual.<\/strong><\/p>\n<p> <a class=\"more-link\" href=\"https:\/\/facundosartore.cl\/en\/product\/vino-tinto-hombre-de-negocios-cinsault\/\">Read more<\/a><\/p>","protected":false},"featured_media":12410,"comment_status":"open","ping_status":"closed","template":"","meta":{"_joinchat":[]},"product_brand":[],"product_cat":[48],"product_tag":[],"class_list":{"0":"post-11880","1":"product","2":"type-product","3":"status-publish","4":"has-post-thumbnail","6":"product_cat-vinos","8":"first","9":"instock","10":"featured","11":"shipping-taxable","12":"purchasable","13":"product-type-simple"},"yoast_head":"<!-- This site is optimized with the Yoast SEO plugin v25.3 - https:\/\/yoast.com\/wordpress\/plugins\/seo\/ -->\n<title>Harvest Sartore Cinsault \u2013 (Uomini D&#039;affari) 750ml 2022 - Vi\u00f1a Facundo Sartore<\/title>\n<meta name=\"description\" content=\"Directo del centro del Valle del Itata aparece este elegante vino llamado \u201cSartore \u2026hombre de Negocios\u201d. De color rub\u00ed suave y brillante, aromas\" \/>\n<meta name=\"robots\" content=\"index, follow, max-snippet:-1, max-image-preview:large, max-video-preview:-1\" \/>\n<link rel=\"canonical\" href=\"https:\/\/facundosartore.cl\/en\/product\/vino-tinto-hombre-de-negocios-cinsault\/\" \/>\n<meta property=\"og:locale\" content=\"en_US\" \/>\n<meta property=\"og:type\" content=\"article\" \/>\n<meta property=\"og:title\" content=\"Harvest Sartore Cinsault \u2013 (Uomini D&#039;affari) 750ml 2022 - Vi\u00f1a Facundo Sartore\" \/>\n<meta property=\"og:description\" content=\"Directo del centro del Valle del Itata aparece este elegante vino llamado \u201cSartore \u2026hombre de Negocios\u201d. De color rub\u00ed suave y brillante, aromas\" \/>\n<meta property=\"og:url\" content=\"https:\/\/facundosartore.cl\/en\/product\/vino-tinto-hombre-de-negocios-cinsault\/\" \/>\n<meta property=\"og:site_name\" content=\"Vi\u00f1a Facundo Sartore\" \/>\n<meta property=\"article:modified_time\" content=\"2025-02-06T17:14:07+00:00\" \/>\n<meta property=\"og:image\" content=\"https:\/\/facundosartore.cl\/wp-content\/uploads\/2022\/03\/sartpre720x720.png\" \/>\n\t<meta property=\"og:image:width\" content=\"720\" \/>\n\t<meta property=\"og:image:height\" content=\"720\" \/>\n\t<meta property=\"og:image:type\" content=\"image\/png\" \/>\n<meta name=\"twitter:card\" content=\"summary_large_image\" \/>\n<meta name=\"twitter:label1\" content=\"Est. reading time\" \/>\n\t<meta name=\"twitter:data1\" content=\"2 minutes\" \/>\n<script type=\"application\/ld+json\" class=\"yoast-schema-graph\">{\"@context\":\"https:\/\/schema.org\",\"@graph\":[{\"@type\":\"WebPage\",\"@id\":\"https:\/\/facundosartore.cl\/product\/vino-tinto-hombre-de-negocios-cinsault\/\",\"url\":\"https:\/\/facundosartore.cl\/product\/vino-tinto-hombre-de-negocios-cinsault\/\",\"name\":\"Harvest Sartore Cinsault \u2013 (Uomini D'affari) 750ml 2022 - Vi\u00f1a Facundo Sartore\",\"isPartOf\":{\"@id\":\"https:\/\/facundosartore.cl\/#website\"},\"primaryImageOfPage\":{\"@id\":\"https:\/\/facundosartore.cl\/product\/vino-tinto-hombre-de-negocios-cinsault\/#primaryimage\"},\"image\":{\"@id\":\"https:\/\/facundosartore.cl\/product\/vino-tinto-hombre-de-negocios-cinsault\/#primaryimage\"},\"thumbnailUrl\":\"https:\/\/facundosartore.cl\/wp-content\/uploads\/2022\/03\/sartpre720x720.png\",\"datePublished\":\"2022-03-29T21:14:41+00:00\",\"dateModified\":\"2025-02-06T17:14:07+00:00\",\"description\":\"Directo del centro del Valle del Itata aparece este elegante vino llamado \u201cSartore \u2026hombre de Negocios\u201d. De color rub\u00ed suave y brillante, aromas\",\"breadcrumb\":{\"@id\":\"https:\/\/facundosartore.cl\/product\/vino-tinto-hombre-de-negocios-cinsault\/#breadcrumb\"},\"inLanguage\":\"en-US\",\"potentialAction\":[{\"@type\":\"ReadAction\",\"target\":[\"https:\/\/facundosartore.cl\/product\/vino-tinto-hombre-de-negocios-cinsault\/\"]}]},{\"@type\":\"ImageObject\",\"inLanguage\":\"en-US\",\"@id\":\"https:\/\/facundosartore.cl\/product\/vino-tinto-hombre-de-negocios-cinsault\/#primaryimage\",\"url\":\"https:\/\/facundosartore.cl\/wp-content\/uploads\/2022\/03\/sartpre720x720.png\",\"contentUrl\":\"https:\/\/facundosartore.cl\/wp-content\/uploads\/2022\/03\/sartpre720x720.png\",\"width\":720,\"height\":720},{\"@type\":\"BreadcrumbList\",\"@id\":\"https:\/\/facundosartore.cl\/product\/vino-tinto-hombre-de-negocios-cinsault\/#breadcrumb\",\"itemListElement\":[{\"@type\":\"ListItem\",\"position\":1,\"name\":\"Portada\",\"item\":\"https:\/\/facundosartore.cl\/\"},{\"@type\":\"ListItem\",\"position\":2,\"name\":\"Productos\",\"item\":\"https:\/\/facundosartore.cl\/shop\/\"},{\"@type\":\"ListItem\",\"position\":3,\"name\":\"Harvest Sartore Cinsault \u2013 (Uomini D&#8217;affari) 750ml 2022\"}]},{\"@type\":\"WebSite\",\"@id\":\"https:\/\/facundosartore.cl\/#website\",\"url\":\"https:\/\/facundosartore.cl\/\",\"name\":\"Vi\u00f1a Facundo Sartore\",\"description\":\"EL ARTE QUE BEBES DESDE EL CORAZ\u00d3N\",\"publisher\":{\"@id\":\"https:\/\/facundosartore.cl\/#organization\"},\"potentialAction\":[{\"@type\":\"SearchAction\",\"target\":{\"@type\":\"EntryPoint\",\"urlTemplate\":\"https:\/\/facundosartore.cl\/?s={search_term_string}\"},\"query-input\":{\"@type\":\"PropertyValueSpecification\",\"valueRequired\":true,\"valueName\":\"search_term_string\"}}],\"inLanguage\":\"en-US\"},{\"@type\":\"Organization\",\"@id\":\"https:\/\/facundosartore.cl\/#organization\",\"name\":\"Vi\u00f1a Facundo Sartore\",\"url\":\"https:\/\/facundosartore.cl\/\",\"logo\":{\"@type\":\"ImageObject\",\"inLanguage\":\"en-US\",\"@id\":\"https:\/\/facundosartore.cl\/#\/schema\/logo\/image\/\",\"url\":\"https:\/\/facundosartore.cl\/wp-content\/uploads\/2022\/03\/vina-logo.png\",\"contentUrl\":\"https:\/\/facundosartore.cl\/wp-content\/uploads\/2022\/03\/vina-logo.png\",\"width\":2320,\"height\":2281,\"caption\":\"Vi\u00f1a Facundo Sartore\"},\"image\":{\"@id\":\"https:\/\/facundosartore.cl\/#\/schema\/logo\/image\/\"}}]}<\/script>\n<!-- \/ Yoast SEO plugin. -->","yoast_head_json":{"title":"Harvest Sartore Cinsault \u2013 (Uomini D'affari) 750ml 2022 - Vi\u00f1a Facundo Sartore","description":"Directo del centro del Valle del Itata aparece este elegante vino llamado \u201cSartore \u2026hombre de Negocios\u201d. De color rub\u00ed suave y brillante, aromas","robots":{"index":"index","follow":"follow","max-snippet":"max-snippet:-1","max-image-preview":"max-image-preview:large","max-video-preview":"max-video-preview:-1"},"canonical":"https:\/\/facundosartore.cl\/en\/product\/vino-tinto-hombre-de-negocios-cinsault\/","og_locale":"en_US","og_type":"article","og_title":"Harvest Sartore Cinsault \u2013 (Uomini D'affari) 750ml 2022 - Vi\u00f1a Facundo Sartore","og_description":"Directo del centro del Valle del Itata aparece este elegante vino llamado \u201cSartore \u2026hombre de Negocios\u201d. De color rub\u00ed suave y brillante, aromas","og_url":"https:\/\/facundosartore.cl\/en\/product\/vino-tinto-hombre-de-negocios-cinsault\/","og_site_name":"Vi\u00f1a Facundo Sartore","article_modified_time":"2025-02-06T17:14:07+00:00","og_image":[{"width":720,"height":720,"url":"https:\/\/facundosartore.cl\/wp-content\/uploads\/2022\/03\/sartpre720x720.png","type":"image\/png"}],"twitter_card":"summary_large_image","twitter_misc":{"Est. reading time":"2 minutes"},"schema":{"@context":"https:\/\/schema.org","@graph":[{"@type":"WebPage","@id":"https:\/\/facundosartore.cl\/product\/vino-tinto-hombre-de-negocios-cinsault\/","url":"https:\/\/facundosartore.cl\/product\/vino-tinto-hombre-de-negocios-cinsault\/","name":"Harvest Sartore Cinsault \u2013 (Uomini D'affari) 750ml 2022 - Vi\u00f1a Facundo Sartore","isPartOf":{"@id":"https:\/\/facundosartore.cl\/#website"},"primaryImageOfPage":{"@id":"https:\/\/facundosartore.cl\/product\/vino-tinto-hombre-de-negocios-cinsault\/#primaryimage"},"image":{"@id":"https:\/\/facundosartore.cl\/product\/vino-tinto-hombre-de-negocios-cinsault\/#primaryimage"},"thumbnailUrl":"https:\/\/facundosartore.cl\/wp-content\/uploads\/2022\/03\/sartpre720x720.png","datePublished":"2022-03-29T21:14:41+00:00","dateModified":"2025-02-06T17:14:07+00:00","description":"Directo del centro del Valle del Itata aparece este elegante vino llamado \u201cSartore \u2026hombre de Negocios\u201d. De color rub\u00ed suave y brillante, aromas","breadcrumb":{"@id":"https:\/\/facundosartore.cl\/product\/vino-tinto-hombre-de-negocios-cinsault\/#breadcrumb"},"inLanguage":"en-US","potentialAction":[{"@type":"ReadAction","target":["https:\/\/facundosartore.cl\/product\/vino-tinto-hombre-de-negocios-cinsault\/"]}]},{"@type":"ImageObject","inLanguage":"en-US","@id":"https:\/\/facundosartore.cl\/product\/vino-tinto-hombre-de-negocios-cinsault\/#primaryimage","url":"https:\/\/facundosartore.cl\/wp-content\/uploads\/2022\/03\/sartpre720x720.png","contentUrl":"https:\/\/facundosartore.cl\/wp-content\/uploads\/2022\/03\/sartpre720x720.png","width":720,"height":720},{"@type":"BreadcrumbList","@id":"https:\/\/facundosartore.cl\/product\/vino-tinto-hombre-de-negocios-cinsault\/#breadcrumb","itemListElement":[{"@type":"ListItem","position":1,"name":"Portada","item":"https:\/\/facundosartore.cl\/"},{"@type":"ListItem","position":2,"name":"Productos","item":"https:\/\/facundosartore.cl\/shop\/"},{"@type":"ListItem","position":3,"name":"Harvest Sartore Cinsault \u2013 (Uomini D&#8217;affari) 750ml 2022"}]},{"@type":"WebSite","@id":"https:\/\/facundosartore.cl\/#website","url":"https:\/\/facundosartore.cl\/","name":"Vi\u00f1a Facundo Sartore","description":"EL ARTE QUE BEBES DESDE EL CORAZ\u00d3N","publisher":{"@id":"https:\/\/facundosartore.cl\/#organization"},"potentialAction":[{"@type":"SearchAction","target":{"@type":"EntryPoint","urlTemplate":"https:\/\/facundosartore.cl\/?s={search_term_string}"},"query-input":{"@type":"PropertyValueSpecification","valueRequired":true,"valueName":"search_term_string"}}],"inLanguage":"en-US"},{"@type":"Organization","@id":"https:\/\/facundosartore.cl\/#organization","name":"Vi\u00f1a Facundo Sartore","url":"https:\/\/facundosartore.cl\/","logo":{"@type":"ImageObject","inLanguage":"en-US","@id":"https:\/\/facundosartore.cl\/#\/schema\/logo\/image\/","url":"https:\/\/facundosartore.cl\/wp-content\/uploads\/2022\/03\/vina-logo.png","contentUrl":"https:\/\/facundosartore.cl\/wp-content\/uploads\/2022\/03\/vina-logo.png","width":2320,"height":2281,"caption":"Vi\u00f1a Facundo Sartore"},"image":{"@id":"https:\/\/facundosartore.cl\/#\/schema\/logo\/image\/"}}]}},"_links":{"self":[{"href":"https:\/\/facundosartore.cl\/en\/wp-json\/wp\/v2\/product\/11880","targetHints":{"allow":["GET"]}}],"collection":[{"href":"https:\/\/facundosartore.cl\/en\/wp-json\/wp\/v2\/product"}],"about":[{"href":"https:\/\/facundosartore.cl\/en\/wp-json\/wp\/v2\/types\/product"}],"replies":[{"embeddable":true,"href":"https:\/\/facundosartore.cl\/en\/wp-json\/wp\/v2\/comments?post=11880"}],"wp:featuredmedia":[{"embeddable":true,"href":"https:\/\/facundosartore.cl\/en\/wp-json\/wp\/v2\/media\/12410"}],"wp:attachment":[{"href":"https:\/\/facundosartore.cl\/en\/wp-json\/wp\/v2\/media?parent=11880"}],"wp:term":[{"taxonomy":"product_brand","embeddable":true,"href":"https:\/\/facundosartore.cl\/en\/wp-json\/wp\/v2\/product_brand?post=11880"},{"taxonomy":"product_cat","embeddable":true,"href":"https:\/\/facundosartore.cl\/en\/wp-json\/wp\/v2\/product_cat?post=11880"},{"taxonomy":"product_tag","embeddable":true,"href":"https:\/\/facundosartore.cl\/en\/wp-json\/wp\/v2\/product_tag?post=11880"}],"curies":[{"name":"wp","href":"https:\/\/api.w.org\/{rel}","templated":true}]}}