{"id":11878,"date":"2022-03-29T21:13:03","date_gmt":"2022-03-29T21:13:03","guid":{"rendered":"https:\/\/facundosartore.cl\/?post_type=product&#038;p=11878"},"modified":"2025-02-06T16:42:08","modified_gmt":"2025-02-06T16:42:08","slug":"vino-rose-350ml-cosecha-2021","status":"publish","type":"product","link":"https:\/\/facundosartore.cl\/en\/product\/vino-rose-350ml-cosecha-2021\/","title":{"rendered":"Forge del Fabbro \u2013 Moscatel de Alejandr\u00eda  750ml Cosecha 2022"},"content":{"rendered":"<p><strong>Hermosas y a\u00f1osas plantas, puestas en estrat\u00e9gicos lomajes en el sector de Guarilihue <\/strong><br \/>\n<strong>entregan la fruta que dan origen a este fino y elegante vino 100% de la variedad Moscatel de <\/strong><br \/>\n<strong>Alejandr\u00eda.<\/strong> Forge Del Fabbro es un elegante y frutoso vino de color blanco pajizo que a la nariz<br \/>\nes una explosi\u00f3n de frutas tropicales donde abundan las pi\u00f1as, manzanas verdes y duraznos<br \/>\nmaduros que lentamente van tornando a aromas dulces y confitados. En boca, entra con<br \/>\nataque de frescura que entrega toques c\u00edtricos a lima y mandarinas, dejando adem\u00e1s un ba\u00f1o<br \/>\nherb\u00e1ceo lo que lo hace un vino persistente ideal para acompa\u00f1ar platos marinos, quesadillas<br \/>\nde verduras o carnes blancas a las finas hierbas.<\/p>\n<p><strong>AROMA<\/strong><br \/>\nFresco con marcados toques de frutos rojos, moras y frambuesas<br \/>\nsilvestres.<\/p>\n<p><strong>PALADAR<\/strong><br \/>\nLa agradable acidez y cuerpo medio se mantiene en boca<br \/>\ndurante un buen rato, acompa\u00f1ado de notables sabores a moras<br \/>\ny ciruelas frescas.<\/p>\n<p><strong>MARIDAJE<\/strong><br \/>\nIdeal para acompa\u00f1ar con ensaladas, pescados, mariscos y<br \/>\nquesos con buena acidez como el mozzarella<\/p>","protected":false},"excerpt":{"rendered":"<p>Forge Del Fabbro es un elegante y frutoso vino de color blanco pajizo que a la nariz es una explosi\u00f3n de frutas tropicales donde abundan las pi\u00f1as, manzanas verdes y duraznos maduros que lentamente van tornando a aromas dulces y confitados.<\/p>\n<p><strong>-La mujer embarazada no debe beber alcohol. <\/strong><\/p>\n<p><strong>-El consumo de alcohol limita su capacidad para conducir. <\/strong><\/p>\n<p><strong>-El consumo de alcohol en menores da\u00f1a su desarrollo f\u00edsico e intelectual.<\/strong><\/p>\n<p> <a class=\"more-link\" href=\"https:\/\/facundosartore.cl\/en\/product\/vino-rose-350ml-cosecha-2021\/\">Read more<\/a><\/p>","protected":false},"featured_media":12430,"comment_status":"open","ping_status":"closed","template":"","meta":{"_joinchat":[]},"product_brand":[],"product_cat":[48],"product_tag":[],"class_list":{"0":"post-11878","1":"product","2":"type-product","3":"status-publish","4":"has-post-thumbnail","6":"product_cat-vinos","8":"first","9":"instock","10":"sale","11":"shipping-taxable","12":"purchasable","13":"product-type-simple"},"yoast_head":"<!-- This site is optimized with the Yoast SEO plugin v25.3 - https:\/\/yoast.com\/wordpress\/plugins\/seo\/ -->\n<title>Forge del Fabbro \u2013 Moscatel de Alejandr\u00eda 750ml Cosecha 2022 - Vi\u00f1a Facundo Sartore F<\/title>\n<meta name=\"description\" content=\"Hermosas y a\u00f1osas plantas, puestas en estrat\u00e9gicos lomajes en el sector de Guarilihueentregan la fruta que dan origen a este fino y elegante vino\" \/>\n<meta name=\"robots\" content=\"index, follow, max-snippet:-1, max-image-preview:large, max-video-preview:-1\" \/>\n<link rel=\"canonical\" href=\"https:\/\/facundosartore.cl\/en\/product\/vino-rose-350ml-cosecha-2021\/\" \/>\n<meta property=\"og:locale\" content=\"en_US\" \/>\n<meta property=\"og:type\" content=\"article\" \/>\n<meta property=\"og:title\" content=\"Forge del Fabbro \u2013 Moscatel de Alejandr\u00eda 750ml Cosecha 2022 - Vi\u00f1a Facundo Sartore F\" \/>\n<meta property=\"og:description\" content=\"Hermosas y a\u00f1osas plantas, puestas en estrat\u00e9gicos lomajes en el sector de Guarilihueentregan la fruta que dan origen a este fino y elegante vino\" \/>\n<meta property=\"og:url\" content=\"https:\/\/facundosartore.cl\/en\/product\/vino-rose-350ml-cosecha-2021\/\" \/>\n<meta property=\"og:site_name\" content=\"Vi\u00f1a Facundo Sartore\" \/>\n<meta property=\"article:modified_time\" content=\"2025-02-06T16:42:08+00:00\" \/>\n<meta property=\"og:image\" content=\"https:\/\/facundosartore.cl\/wp-content\/uploads\/2022\/03\/fabro720x720-4.png\" \/>\n\t<meta property=\"og:image:width\" content=\"715\" \/>\n\t<meta property=\"og:image:height\" content=\"726\" \/>\n\t<meta property=\"og:image:type\" content=\"image\/png\" \/>\n<meta name=\"twitter:card\" content=\"summary_large_image\" \/>\n<meta name=\"twitter:label1\" content=\"Est. reading time\" \/>\n\t<meta name=\"twitter:data1\" content=\"1 minute\" \/>\n<script type=\"application\/ld+json\" class=\"yoast-schema-graph\">{\"@context\":\"https:\/\/schema.org\",\"@graph\":[{\"@type\":\"WebPage\",\"@id\":\"https:\/\/facundosartore.cl\/product\/vino-rose-350ml-cosecha-2021\/\",\"url\":\"https:\/\/facundosartore.cl\/product\/vino-rose-350ml-cosecha-2021\/\",\"name\":\"Forge del Fabbro \u2013 Moscatel de Alejandr\u00eda 750ml Cosecha 2022 - Vi\u00f1a Facundo Sartore F\",\"isPartOf\":{\"@id\":\"https:\/\/facundosartore.cl\/#website\"},\"primaryImageOfPage\":{\"@id\":\"https:\/\/facundosartore.cl\/product\/vino-rose-350ml-cosecha-2021\/#primaryimage\"},\"image\":{\"@id\":\"https:\/\/facundosartore.cl\/product\/vino-rose-350ml-cosecha-2021\/#primaryimage\"},\"thumbnailUrl\":\"https:\/\/facundosartore.cl\/wp-content\/uploads\/2022\/03\/fabro720x720-4.png\",\"datePublished\":\"2022-03-29T21:13:03+00:00\",\"dateModified\":\"2025-02-06T16:42:08+00:00\",\"description\":\"Hermosas y a\u00f1osas plantas, puestas en estrat\u00e9gicos lomajes en el sector de Guarilihueentregan la fruta que dan origen a este fino y elegante vino\",\"breadcrumb\":{\"@id\":\"https:\/\/facundosartore.cl\/product\/vino-rose-350ml-cosecha-2021\/#breadcrumb\"},\"inLanguage\":\"en-US\",\"potentialAction\":[{\"@type\":\"ReadAction\",\"target\":[\"https:\/\/facundosartore.cl\/product\/vino-rose-350ml-cosecha-2021\/\"]}]},{\"@type\":\"ImageObject\",\"inLanguage\":\"en-US\",\"@id\":\"https:\/\/facundosartore.cl\/product\/vino-rose-350ml-cosecha-2021\/#primaryimage\",\"url\":\"https:\/\/facundosartore.cl\/wp-content\/uploads\/2022\/03\/fabro720x720-4.png\",\"contentUrl\":\"https:\/\/facundosartore.cl\/wp-content\/uploads\/2022\/03\/fabro720x720-4.png\",\"width\":715,\"height\":726},{\"@type\":\"BreadcrumbList\",\"@id\":\"https:\/\/facundosartore.cl\/product\/vino-rose-350ml-cosecha-2021\/#breadcrumb\",\"itemListElement\":[{\"@type\":\"ListItem\",\"position\":1,\"name\":\"Portada\",\"item\":\"https:\/\/facundosartore.cl\/\"},{\"@type\":\"ListItem\",\"position\":2,\"name\":\"Productos\",\"item\":\"https:\/\/facundosartore.cl\/shop\/\"},{\"@type\":\"ListItem\",\"position\":3,\"name\":\"Forge del Fabbro \u2013 Moscatel de Alejandr\u00eda 750ml Cosecha 2022\"}]},{\"@type\":\"WebSite\",\"@id\":\"https:\/\/facundosartore.cl\/#website\",\"url\":\"https:\/\/facundosartore.cl\/\",\"name\":\"Vi\u00f1a Facundo Sartore\",\"description\":\"EL ARTE QUE BEBES DESDE EL CORAZ\u00d3N\",\"publisher\":{\"@id\":\"https:\/\/facundosartore.cl\/#organization\"},\"potentialAction\":[{\"@type\":\"SearchAction\",\"target\":{\"@type\":\"EntryPoint\",\"urlTemplate\":\"https:\/\/facundosartore.cl\/?s={search_term_string}\"},\"query-input\":{\"@type\":\"PropertyValueSpecification\",\"valueRequired\":true,\"valueName\":\"search_term_string\"}}],\"inLanguage\":\"en-US\"},{\"@type\":\"Organization\",\"@id\":\"https:\/\/facundosartore.cl\/#organization\",\"name\":\"Vi\u00f1a Facundo Sartore\",\"url\":\"https:\/\/facundosartore.cl\/\",\"logo\":{\"@type\":\"ImageObject\",\"inLanguage\":\"en-US\",\"@id\":\"https:\/\/facundosartore.cl\/#\/schema\/logo\/image\/\",\"url\":\"https:\/\/facundosartore.cl\/wp-content\/uploads\/2022\/03\/vina-logo.png\",\"contentUrl\":\"https:\/\/facundosartore.cl\/wp-content\/uploads\/2022\/03\/vina-logo.png\",\"width\":2320,\"height\":2281,\"caption\":\"Vi\u00f1a Facundo Sartore\"},\"image\":{\"@id\":\"https:\/\/facundosartore.cl\/#\/schema\/logo\/image\/\"}}]}<\/script>\n<!-- \/ Yoast SEO plugin. -->","yoast_head_json":{"title":"Forge del Fabbro \u2013 Moscatel de Alejandr\u00eda 750ml Cosecha 2022 - Vi\u00f1a Facundo Sartore F","description":"Hermosas y a\u00f1osas plantas, puestas en estrat\u00e9gicos lomajes en el sector de Guarilihueentregan la fruta que dan origen a este fino y elegante vino","robots":{"index":"index","follow":"follow","max-snippet":"max-snippet:-1","max-image-preview":"max-image-preview:large","max-video-preview":"max-video-preview:-1"},"canonical":"https:\/\/facundosartore.cl\/en\/product\/vino-rose-350ml-cosecha-2021\/","og_locale":"en_US","og_type":"article","og_title":"Forge del Fabbro \u2013 Moscatel de Alejandr\u00eda 750ml Cosecha 2022 - Vi\u00f1a Facundo Sartore F","og_description":"Hermosas y a\u00f1osas plantas, puestas en estrat\u00e9gicos lomajes en el sector de Guarilihueentregan la fruta que dan origen a este fino y elegante vino","og_url":"https:\/\/facundosartore.cl\/en\/product\/vino-rose-350ml-cosecha-2021\/","og_site_name":"Vi\u00f1a Facundo Sartore","article_modified_time":"2025-02-06T16:42:08+00:00","og_image":[{"width":715,"height":726,"url":"https:\/\/facundosartore.cl\/wp-content\/uploads\/2022\/03\/fabro720x720-4.png","type":"image\/png"}],"twitter_card":"summary_large_image","twitter_misc":{"Est. reading time":"1 minute"},"schema":{"@context":"https:\/\/schema.org","@graph":[{"@type":"WebPage","@id":"https:\/\/facundosartore.cl\/product\/vino-rose-350ml-cosecha-2021\/","url":"https:\/\/facundosartore.cl\/product\/vino-rose-350ml-cosecha-2021\/","name":"Forge del Fabbro \u2013 Moscatel de Alejandr\u00eda 750ml Cosecha 2022 - Vi\u00f1a Facundo Sartore F","isPartOf":{"@id":"https:\/\/facundosartore.cl\/#website"},"primaryImageOfPage":{"@id":"https:\/\/facundosartore.cl\/product\/vino-rose-350ml-cosecha-2021\/#primaryimage"},"image":{"@id":"https:\/\/facundosartore.cl\/product\/vino-rose-350ml-cosecha-2021\/#primaryimage"},"thumbnailUrl":"https:\/\/facundosartore.cl\/wp-content\/uploads\/2022\/03\/fabro720x720-4.png","datePublished":"2022-03-29T21:13:03+00:00","dateModified":"2025-02-06T16:42:08+00:00","description":"Hermosas y a\u00f1osas plantas, puestas en estrat\u00e9gicos lomajes en el sector de Guarilihueentregan la fruta que dan origen a este fino y elegante vino","breadcrumb":{"@id":"https:\/\/facundosartore.cl\/product\/vino-rose-350ml-cosecha-2021\/#breadcrumb"},"inLanguage":"en-US","potentialAction":[{"@type":"ReadAction","target":["https:\/\/facundosartore.cl\/product\/vino-rose-350ml-cosecha-2021\/"]}]},{"@type":"ImageObject","inLanguage":"en-US","@id":"https:\/\/facundosartore.cl\/product\/vino-rose-350ml-cosecha-2021\/#primaryimage","url":"https:\/\/facundosartore.cl\/wp-content\/uploads\/2022\/03\/fabro720x720-4.png","contentUrl":"https:\/\/facundosartore.cl\/wp-content\/uploads\/2022\/03\/fabro720x720-4.png","width":715,"height":726},{"@type":"BreadcrumbList","@id":"https:\/\/facundosartore.cl\/product\/vino-rose-350ml-cosecha-2021\/#breadcrumb","itemListElement":[{"@type":"ListItem","position":1,"name":"Portada","item":"https:\/\/facundosartore.cl\/"},{"@type":"ListItem","position":2,"name":"Productos","item":"https:\/\/facundosartore.cl\/shop\/"},{"@type":"ListItem","position":3,"name":"Forge del Fabbro \u2013 Moscatel de Alejandr\u00eda 750ml Cosecha 2022"}]},{"@type":"WebSite","@id":"https:\/\/facundosartore.cl\/#website","url":"https:\/\/facundosartore.cl\/","name":"Vi\u00f1a Facundo Sartore","description":"EL ARTE QUE BEBES DESDE EL CORAZ\u00d3N","publisher":{"@id":"https:\/\/facundosartore.cl\/#organization"},"potentialAction":[{"@type":"SearchAction","target":{"@type":"EntryPoint","urlTemplate":"https:\/\/facundosartore.cl\/?s={search_term_string}"},"query-input":{"@type":"PropertyValueSpecification","valueRequired":true,"valueName":"search_term_string"}}],"inLanguage":"en-US"},{"@type":"Organization","@id":"https:\/\/facundosartore.cl\/#organization","name":"Vi\u00f1a Facundo Sartore","url":"https:\/\/facundosartore.cl\/","logo":{"@type":"ImageObject","inLanguage":"en-US","@id":"https:\/\/facundosartore.cl\/#\/schema\/logo\/image\/","url":"https:\/\/facundosartore.cl\/wp-content\/uploads\/2022\/03\/vina-logo.png","contentUrl":"https:\/\/facundosartore.cl\/wp-content\/uploads\/2022\/03\/vina-logo.png","width":2320,"height":2281,"caption":"Vi\u00f1a Facundo Sartore"},"image":{"@id":"https:\/\/facundosartore.cl\/#\/schema\/logo\/image\/"}}]}},"_links":{"self":[{"href":"https:\/\/facundosartore.cl\/en\/wp-json\/wp\/v2\/product\/11878","targetHints":{"allow":["GET"]}}],"collection":[{"href":"https:\/\/facundosartore.cl\/en\/wp-json\/wp\/v2\/product"}],"about":[{"href":"https:\/\/facundosartore.cl\/en\/wp-json\/wp\/v2\/types\/product"}],"replies":[{"embeddable":true,"href":"https:\/\/facundosartore.cl\/en\/wp-json\/wp\/v2\/comments?post=11878"}],"wp:featuredmedia":[{"embeddable":true,"href":"https:\/\/facundosartore.cl\/en\/wp-json\/wp\/v2\/media\/12430"}],"wp:attachment":[{"href":"https:\/\/facundosartore.cl\/en\/wp-json\/wp\/v2\/media?parent=11878"}],"wp:term":[{"taxonomy":"product_brand","embeddable":true,"href":"https:\/\/facundosartore.cl\/en\/wp-json\/wp\/v2\/product_brand?post=11878"},{"taxonomy":"product_cat","embeddable":true,"href":"https:\/\/facundosartore.cl\/en\/wp-json\/wp\/v2\/product_cat?post=11878"},{"taxonomy":"product_tag","embeddable":true,"href":"https:\/\/facundosartore.cl\/en\/wp-json\/wp\/v2\/product_tag?post=11878"}],"curies":[{"name":"wp","href":"https:\/\/api.w.org\/{rel}","templated":true}]}}