{"id":11876,"date":"2022-03-29T21:12:12","date_gmt":"2022-03-29T21:12:12","guid":{"rendered":"https:\/\/facundosartore.cl\/?post_type=product&#038;p=11876"},"modified":"2025-02-06T17:03:30","modified_gmt":"2025-02-06T17:03:30","slug":"vino-moscatel-750ml-cosecha-2021","status":"publish","type":"product","link":"https:\/\/facundosartore.cl\/en\/product\/vino-moscatel-750ml-cosecha-2021\/","title":{"rendered":"Gli Innamorati \u2013 Cinsault(Eva) 750ml Cosecha 2022"},"content":{"rendered":"<p><strong>Las a\u00f1osas parras propias de estrat\u00e9gicos lomajes en el sector de Guarilihue entregan la fruta que dan origen a este fino y elegante vino monovarietal Moscatel de Alejandr\u00eda.<\/strong><\/p>\n<p>Forge Del Fabbro es un elegante y frutoso vino de color dorado pajizo, que en nariz manifiesta la presencia de frutas tropicales donde abundan las pi\u00f1as, manzanas verdes y duraznos maduros que lentamente van tornando a aromas dulces y confitados. En boca, impone frescura entregando toques c\u00edtricos a lima y mandarinas, dejando adem\u00e1s un ba\u00f1o herb\u00e1ceo lo que lo hace un vino persistente. Este vino es ideal para acompa\u00f1ar platos marinos como ceviches, machas a la parmesana, quesadillas de verduras, ensalada C\u00e9sar o carnes blancas a las finas hierbas.<\/p>\n<p><strong>Temperatura de servicio: 6\u00b0- 10\u00baC.<\/strong><br \/>\n<strong>Vino Blanco.<\/strong><br \/>\n<strong>Contiene Sulfitos.<\/strong><br \/>\n<strong>Este vino podr\u00eda contener precipitados que no altera el producto.<\/strong><br \/>\n<strong>Valor energ\u00e9tico: 79 kcal\/100ml. <\/strong><br \/>\n<strong>12,7 \u00ba GL \/ %vol.<\/strong><br \/>\n<strong>750 ml. \/ c.c.<\/strong><\/p>","protected":false},"excerpt":{"rendered":"<p>Forge Del Fabbro es un elegante y frutoso vino de color dorado pajizo, que en nariz manifiesta la presencia de frutas tropicales donde abundan las pi\u00f1as, manzanas verdes y duraznos maduros que lentamente van tornando a aromas dulces y confitados. En boca, impone frescura entregando toques c\u00edtricos a lima y mandarinas, dejando adem\u00e1s un ba\u00f1o herb\u00e1ceo lo que lo hace un vino persistente. Este vino es ideal para acompa\u00f1ar platos marinos como ceviches, machas a la parmesana, quesadillas de verduras, ensalada C\u00e9sar o carnes blancas a las finas hierbas.<\/p>\n<p><strong>-La mujer embarazada no debe beber alcohol. <\/strong><\/p>\n<p><strong>-El consumo de alcohol limita su capacidad para conducir. <\/strong><\/p>\n<p><strong>-El consumo de alcohol en menores da\u00f1a su desarrollo f\u00edsico e intelectual.<\/strong><\/p>\n<p> <a class=\"more-link\" href=\"https:\/\/facundosartore.cl\/en\/product\/vino-moscatel-750ml-cosecha-2021\/\">Read more<\/a><\/p>","protected":false},"featured_media":12404,"comment_status":"open","ping_status":"closed","template":"","meta":{"_joinchat":[]},"product_brand":[],"product_cat":[48],"product_tag":[],"class_list":{"0":"post-11876","1":"product","2":"type-product","3":"status-publish","4":"has-post-thumbnail","6":"product_cat-vinos","8":"first","9":"instock","10":"sale","11":"shipping-taxable","12":"purchasable","13":"product-type-simple"},"yoast_head":"<!-- This site is optimized with the Yoast SEO plugin v25.3 - https:\/\/yoast.com\/wordpress\/plugins\/seo\/ -->\n<title>Gli Innamorati \u2013 Cinsault(Eva) 750ml Cosecha 2022 - Vi\u00f1a Facundo Sartore<\/title>\n<meta name=\"description\" content=\"Gli Innamorati de la Gran Cosecha de Eva es un vino tinto 100% de la cepa Cinsault, elaboradocon uvas seleccionadas manualmente al momento de la\" \/>\n<meta name=\"robots\" content=\"index, follow, max-snippet:-1, max-image-preview:large, max-video-preview:-1\" \/>\n<link rel=\"canonical\" href=\"https:\/\/facundosartore.cl\/en\/product\/vino-moscatel-750ml-cosecha-2021\/\" \/>\n<meta property=\"og:locale\" content=\"en_US\" \/>\n<meta property=\"og:type\" content=\"article\" \/>\n<meta property=\"og:title\" content=\"Gli Innamorati \u2013 Cinsault(Eva) 750ml Cosecha 2022 - Vi\u00f1a Facundo Sartore\" \/>\n<meta property=\"og:description\" content=\"Gli Innamorati de la Gran Cosecha de Eva es un vino tinto 100% de la cepa Cinsault, elaboradocon uvas seleccionadas manualmente al momento de la\" \/>\n<meta property=\"og:url\" content=\"https:\/\/facundosartore.cl\/en\/product\/vino-moscatel-750ml-cosecha-2021\/\" \/>\n<meta property=\"og:site_name\" content=\"Vi\u00f1a Facundo Sartore\" \/>\n<meta property=\"article:modified_time\" content=\"2025-02-06T17:03:30+00:00\" \/>\n<meta property=\"og:image\" content=\"https:\/\/facundosartore.cl\/wp-content\/uploads\/2022\/03\/eva720x720.png\" \/>\n\t<meta property=\"og:image:width\" content=\"720\" \/>\n\t<meta property=\"og:image:height\" content=\"720\" \/>\n\t<meta property=\"og:image:type\" content=\"image\/png\" \/>\n<meta name=\"twitter:card\" content=\"summary_large_image\" \/>\n<meta name=\"twitter:label1\" content=\"Est. reading time\" \/>\n\t<meta name=\"twitter:data1\" content=\"1 minute\" \/>\n<script type=\"application\/ld+json\" class=\"yoast-schema-graph\">{\"@context\":\"https:\/\/schema.org\",\"@graph\":[{\"@type\":\"WebPage\",\"@id\":\"https:\/\/facundosartore.cl\/product\/vino-moscatel-750ml-cosecha-2021\/\",\"url\":\"https:\/\/facundosartore.cl\/product\/vino-moscatel-750ml-cosecha-2021\/\",\"name\":\"Gli Innamorati \u2013 Cinsault(Eva) 750ml Cosecha 2022 - Vi\u00f1a Facundo Sartore\",\"isPartOf\":{\"@id\":\"https:\/\/facundosartore.cl\/#website\"},\"primaryImageOfPage\":{\"@id\":\"https:\/\/facundosartore.cl\/product\/vino-moscatel-750ml-cosecha-2021\/#primaryimage\"},\"image\":{\"@id\":\"https:\/\/facundosartore.cl\/product\/vino-moscatel-750ml-cosecha-2021\/#primaryimage\"},\"thumbnailUrl\":\"https:\/\/facundosartore.cl\/wp-content\/uploads\/2022\/03\/eva720x720.png\",\"datePublished\":\"2022-03-29T21:12:12+00:00\",\"dateModified\":\"2025-02-06T17:03:30+00:00\",\"description\":\"Gli Innamorati de la Gran Cosecha de Eva es un vino tinto 100% de la cepa Cinsault, elaboradocon uvas seleccionadas manualmente al momento de la\",\"breadcrumb\":{\"@id\":\"https:\/\/facundosartore.cl\/product\/vino-moscatel-750ml-cosecha-2021\/#breadcrumb\"},\"inLanguage\":\"en-US\",\"potentialAction\":[{\"@type\":\"ReadAction\",\"target\":[\"https:\/\/facundosartore.cl\/product\/vino-moscatel-750ml-cosecha-2021\/\"]}]},{\"@type\":\"ImageObject\",\"inLanguage\":\"en-US\",\"@id\":\"https:\/\/facundosartore.cl\/product\/vino-moscatel-750ml-cosecha-2021\/#primaryimage\",\"url\":\"https:\/\/facundosartore.cl\/wp-content\/uploads\/2022\/03\/eva720x720.png\",\"contentUrl\":\"https:\/\/facundosartore.cl\/wp-content\/uploads\/2022\/03\/eva720x720.png\",\"width\":720,\"height\":720},{\"@type\":\"BreadcrumbList\",\"@id\":\"https:\/\/facundosartore.cl\/product\/vino-moscatel-750ml-cosecha-2021\/#breadcrumb\",\"itemListElement\":[{\"@type\":\"ListItem\",\"position\":1,\"name\":\"Portada\",\"item\":\"https:\/\/facundosartore.cl\/\"},{\"@type\":\"ListItem\",\"position\":2,\"name\":\"Productos\",\"item\":\"https:\/\/facundosartore.cl\/shop\/\"},{\"@type\":\"ListItem\",\"position\":3,\"name\":\"Gli Innamorati \u2013 Cinsault(Eva) 750ml Cosecha 2022\"}]},{\"@type\":\"WebSite\",\"@id\":\"https:\/\/facundosartore.cl\/#website\",\"url\":\"https:\/\/facundosartore.cl\/\",\"name\":\"Vi\u00f1a Facundo Sartore\",\"description\":\"EL ARTE QUE BEBES DESDE EL CORAZ\u00d3N\",\"publisher\":{\"@id\":\"https:\/\/facundosartore.cl\/#organization\"},\"potentialAction\":[{\"@type\":\"SearchAction\",\"target\":{\"@type\":\"EntryPoint\",\"urlTemplate\":\"https:\/\/facundosartore.cl\/?s={search_term_string}\"},\"query-input\":{\"@type\":\"PropertyValueSpecification\",\"valueRequired\":true,\"valueName\":\"search_term_string\"}}],\"inLanguage\":\"en-US\"},{\"@type\":\"Organization\",\"@id\":\"https:\/\/facundosartore.cl\/#organization\",\"name\":\"Vi\u00f1a Facundo Sartore\",\"url\":\"https:\/\/facundosartore.cl\/\",\"logo\":{\"@type\":\"ImageObject\",\"inLanguage\":\"en-US\",\"@id\":\"https:\/\/facundosartore.cl\/#\/schema\/logo\/image\/\",\"url\":\"https:\/\/facundosartore.cl\/wp-content\/uploads\/2022\/03\/vina-logo.png\",\"contentUrl\":\"https:\/\/facundosartore.cl\/wp-content\/uploads\/2022\/03\/vina-logo.png\",\"width\":2320,\"height\":2281,\"caption\":\"Vi\u00f1a Facundo Sartore\"},\"image\":{\"@id\":\"https:\/\/facundosartore.cl\/#\/schema\/logo\/image\/\"}}]}<\/script>\n<!-- \/ Yoast SEO plugin. -->","yoast_head_json":{"title":"Gli Innamorati \u2013 Cinsault(Eva) 750ml Cosecha 2022 - Vi\u00f1a Facundo Sartore","description":"Gli Innamorati de la Gran Cosecha de Eva es un vino tinto 100% de la cepa Cinsault, elaboradocon uvas seleccionadas manualmente al momento de la","robots":{"index":"index","follow":"follow","max-snippet":"max-snippet:-1","max-image-preview":"max-image-preview:large","max-video-preview":"max-video-preview:-1"},"canonical":"https:\/\/facundosartore.cl\/en\/product\/vino-moscatel-750ml-cosecha-2021\/","og_locale":"en_US","og_type":"article","og_title":"Gli Innamorati \u2013 Cinsault(Eva) 750ml Cosecha 2022 - Vi\u00f1a Facundo Sartore","og_description":"Gli Innamorati de la Gran Cosecha de Eva es un vino tinto 100% de la cepa Cinsault, elaboradocon uvas seleccionadas manualmente al momento de la","og_url":"https:\/\/facundosartore.cl\/en\/product\/vino-moscatel-750ml-cosecha-2021\/","og_site_name":"Vi\u00f1a Facundo Sartore","article_modified_time":"2025-02-06T17:03:30+00:00","og_image":[{"width":720,"height":720,"url":"https:\/\/facundosartore.cl\/wp-content\/uploads\/2022\/03\/eva720x720.png","type":"image\/png"}],"twitter_card":"summary_large_image","twitter_misc":{"Est. reading time":"1 minute"},"schema":{"@context":"https:\/\/schema.org","@graph":[{"@type":"WebPage","@id":"https:\/\/facundosartore.cl\/product\/vino-moscatel-750ml-cosecha-2021\/","url":"https:\/\/facundosartore.cl\/product\/vino-moscatel-750ml-cosecha-2021\/","name":"Gli Innamorati \u2013 Cinsault(Eva) 750ml Cosecha 2022 - Vi\u00f1a Facundo Sartore","isPartOf":{"@id":"https:\/\/facundosartore.cl\/#website"},"primaryImageOfPage":{"@id":"https:\/\/facundosartore.cl\/product\/vino-moscatel-750ml-cosecha-2021\/#primaryimage"},"image":{"@id":"https:\/\/facundosartore.cl\/product\/vino-moscatel-750ml-cosecha-2021\/#primaryimage"},"thumbnailUrl":"https:\/\/facundosartore.cl\/wp-content\/uploads\/2022\/03\/eva720x720.png","datePublished":"2022-03-29T21:12:12+00:00","dateModified":"2025-02-06T17:03:30+00:00","description":"Gli Innamorati de la Gran Cosecha de Eva es un vino tinto 100% de la cepa Cinsault, elaboradocon uvas seleccionadas manualmente al momento de la","breadcrumb":{"@id":"https:\/\/facundosartore.cl\/product\/vino-moscatel-750ml-cosecha-2021\/#breadcrumb"},"inLanguage":"en-US","potentialAction":[{"@type":"ReadAction","target":["https:\/\/facundosartore.cl\/product\/vino-moscatel-750ml-cosecha-2021\/"]}]},{"@type":"ImageObject","inLanguage":"en-US","@id":"https:\/\/facundosartore.cl\/product\/vino-moscatel-750ml-cosecha-2021\/#primaryimage","url":"https:\/\/facundosartore.cl\/wp-content\/uploads\/2022\/03\/eva720x720.png","contentUrl":"https:\/\/facundosartore.cl\/wp-content\/uploads\/2022\/03\/eva720x720.png","width":720,"height":720},{"@type":"BreadcrumbList","@id":"https:\/\/facundosartore.cl\/product\/vino-moscatel-750ml-cosecha-2021\/#breadcrumb","itemListElement":[{"@type":"ListItem","position":1,"name":"Portada","item":"https:\/\/facundosartore.cl\/"},{"@type":"ListItem","position":2,"name":"Productos","item":"https:\/\/facundosartore.cl\/shop\/"},{"@type":"ListItem","position":3,"name":"Gli Innamorati \u2013 Cinsault(Eva) 750ml Cosecha 2022"}]},{"@type":"WebSite","@id":"https:\/\/facundosartore.cl\/#website","url":"https:\/\/facundosartore.cl\/","name":"Vi\u00f1a Facundo Sartore","description":"EL ARTE QUE BEBES DESDE EL CORAZ\u00d3N","publisher":{"@id":"https:\/\/facundosartore.cl\/#organization"},"potentialAction":[{"@type":"SearchAction","target":{"@type":"EntryPoint","urlTemplate":"https:\/\/facundosartore.cl\/?s={search_term_string}"},"query-input":{"@type":"PropertyValueSpecification","valueRequired":true,"valueName":"search_term_string"}}],"inLanguage":"en-US"},{"@type":"Organization","@id":"https:\/\/facundosartore.cl\/#organization","name":"Vi\u00f1a Facundo Sartore","url":"https:\/\/facundosartore.cl\/","logo":{"@type":"ImageObject","inLanguage":"en-US","@id":"https:\/\/facundosartore.cl\/#\/schema\/logo\/image\/","url":"https:\/\/facundosartore.cl\/wp-content\/uploads\/2022\/03\/vina-logo.png","contentUrl":"https:\/\/facundosartore.cl\/wp-content\/uploads\/2022\/03\/vina-logo.png","width":2320,"height":2281,"caption":"Vi\u00f1a Facundo Sartore"},"image":{"@id":"https:\/\/facundosartore.cl\/#\/schema\/logo\/image\/"}}]}},"_links":{"self":[{"href":"https:\/\/facundosartore.cl\/en\/wp-json\/wp\/v2\/product\/11876","targetHints":{"allow":["GET"]}}],"collection":[{"href":"https:\/\/facundosartore.cl\/en\/wp-json\/wp\/v2\/product"}],"about":[{"href":"https:\/\/facundosartore.cl\/en\/wp-json\/wp\/v2\/types\/product"}],"replies":[{"embeddable":true,"href":"https:\/\/facundosartore.cl\/en\/wp-json\/wp\/v2\/comments?post=11876"}],"wp:featuredmedia":[{"embeddable":true,"href":"https:\/\/facundosartore.cl\/en\/wp-json\/wp\/v2\/media\/12404"}],"wp:attachment":[{"href":"https:\/\/facundosartore.cl\/en\/wp-json\/wp\/v2\/media?parent=11876"}],"wp:term":[{"taxonomy":"product_brand","embeddable":true,"href":"https:\/\/facundosartore.cl\/en\/wp-json\/wp\/v2\/product_brand?post=11876"},{"taxonomy":"product_cat","embeddable":true,"href":"https:\/\/facundosartore.cl\/en\/wp-json\/wp\/v2\/product_cat?post=11876"},{"taxonomy":"product_tag","embeddable":true,"href":"https:\/\/facundosartore.cl\/en\/wp-json\/wp\/v2\/product_tag?post=11876"}],"curies":[{"name":"wp","href":"https:\/\/api.w.org\/{rel}","templated":true}]}}